{"id":769,"date":"2023-06-14T12:51:58","date_gmt":"2023-06-14T12:51:58","guid":{"rendered":"https:\/\/poza.com.pl\/vyrobce-damskych-satu\/"},"modified":"2023-06-15T14:41:12","modified_gmt":"2023-06-15T14:41:12","slug":"vyrobce-damskych-satu","status":"publish","type":"page","link":"https:\/\/poza.com.pl\/cs\/vyrobce-damskych-satu\/","title":{"rendered":"V\u00fdrobce d\u00e1msk\u00fdch \u0161at\u016f"},"content":{"rendered":"\n<p>POZA vytv\u00e1\u0159\u00ed oble\u010den\u00ed pro \u017eeny, kter\u00e9 cht\u011bj\u00ed vypadat elegantn\u011b za ka\u017ed\u00e9 situace. Jsme v\u00fdrobce d\u00e1msk\u00fdch \u0161at\u016f, kter\u00e9 se vyzna\u010duj\u00ed klasick\u00fdm stylem. R\u00e1di se p\u0159izp\u016fsobujeme modern\u00edm od\u011bvn\u00edm trend\u016fm, ale ka\u017ed\u00fd z na\u0161ich model\u016f je navr\u017een tak, aby kombinoval m\u00f3dn\u00ed design s p\u016fvabem tradi\u010dn\u00edch \u017eensk\u00fdch styl\u016f. Jedine\u010dn\u00fd charakter v\u00fdrobk\u016f POZA je jasn\u011b patrn\u00fd jak u na\u0161ich ve\u010dern\u00edch n\u00e1vrh\u016f, tak u model\u016f vytvo\u0159en\u00fdch pro ka\u017edodenn\u00ed pou\u017eit\u00ed &#8211; v kancel\u00e1\u0159i nebo p\u0159i neform\u00e1ln\u00edch vych\u00e1zk\u00e1ch s p\u0159\u00e1teli. Jako v\u00fdrobce d\u00e1msk\u00fdch \u0161at\u016f se sna\u017e\u00edme, aby se d\u00e1my, kter\u00e9 nos\u00ed na\u0161e od\u011bvy, v nich v\u017edy c\u00edtily m\u00f3dn\u011b a velmi \u017eensky.<\/p>\n\n<h2 class=\"wp-block-heading\">Elegantn\u00ed d\u00e1msk\u00e9 \u0161aty od polsk\u00e9ho v\u00fdrobce<\/h2>\n\n<p>D\u00edky na\u0161\u00ed nab\u00eddce nemus\u00ed polsk\u00e9 \u017eeny hledat kvalitn\u00ed d\u00e1msk\u00e9 \u0161aty daleko. Polsk\u00fd v\u00fdrobce je z\u00e1rukou, \u017ee v\u00fdrobky jsou pe\u010dliv\u011b p\u0159ipraveny a vyrobeny z vysoce kvalitn\u00edch materi\u00e1l\u016f. POZA p\u016fsob\u00ed na dom\u00e1c\u00edm trhu i v zahrani\u010d\u00ed, ale na\u0161e krej\u010dovstv\u00ed se nach\u00e1z\u00ed v Gda\u0148sku. Ka\u017ed\u00fd model, kter\u00fd je za\u0159azen do na\u0161\u00ed nab\u00eddky, je navr\u017een, u\u0161it a testov\u00e1n v budov\u011b POZA, co\u017e n\u00e1m d\u00e1v\u00e1 plnou kontrolu nad cel\u00fdm procesem a usnad\u0148uje udr\u017een\u00ed trvale vysok\u00e9ho standardu.<\/p>\n\n<h2 class=\"wp-block-heading\">Vkusn\u00e9 \u0161aty pro ka\u017edou p\u0159\u00edle\u017eitost<\/h2>\n\n<p>Jako zku\u0161en\u00fd polsk\u00fd v\u00fdrobce \u0161at\u016f rozum\u00edme vkusu polsk\u00fdch \u017een a efektivn\u011b pln\u00edme jejich o\u010dek\u00e1v\u00e1n\u00ed p\u0159i zachov\u00e1n\u00ed jedine\u010dn\u00e9ho charakteru na\u0161\u00ed zna\u010dky.  <strong>Katalog v\u00fdrobk\u016f POZA zahrnuje. vkusn\u00e9 \u0161aty pokryt\u00e9 barevn\u00fdmi vzory, kv\u011btinami nebo hr\u00e1\u0161kem, stejn\u011b jako krajkov\u00e9 modely.<\/strong>  Mimochodem, nevyr\u00e1b\u00edme pouze \u0161aty. Polsk\u00fd v\u00fdrobce, kter\u00fd je na trhu ji\u017e \u010dty\u0159i desetilet\u00ed, si mus\u00ed b\u00fdt v\u011bdom toho, \u017ee i polsk\u00e9 \u017eeny miluj\u00ed saka, kab\u00e1ty a obleky. Tyto \u0161atn\u00ed sk\u0159\u00edn\u011b jsou tak\u00e9 st\u00e1lou sou\u010d\u00e1st\u00ed na\u0161eho sortimentu.<\/p>\n<p>Za zm\u00ednku stoj\u00ed tak\u00e9 p\u0159esnost v\u0161ech na\u0161ich v\u00fdrobk\u016f. POZA je polsk\u00fd v\u00fdrobce d\u00e1msk\u00fdch \u0161at\u016f, kter\u00fd spl\u0148uje o\u010dek\u00e1v\u00e1n\u00ed kvality nejn\u00e1ro\u010dn\u011bj\u0161\u00edch z\u00e1kazn\u00edk\u016f.<\/p>\n\n<h2 class=\"wp-block-heading\">Dobr\u00e1 volba pro v\u0161echna ro\u010dn\u00ed obdob\u00ed<\/h2>\n\n<p>Ka\u017ed\u00fd z t\u011bchto jedine\u010dn\u00fdch kousk\u016f \u0161atn\u00edku lze \u00fasp\u011b\u0161n\u011b nosit v l\u00e9t\u011b i v zim\u011b. V\u00fdrobce d\u00e1msk\u00fdch \u0161at\u016f se postaral o to, aby polsk\u00e9 \u017eeny vypadaly kr\u00e1sn\u011b v ka\u017ed\u00e9m ro\u010dn\u00edm obdob\u00ed. V l\u00e9t\u011b a na ja\u0159e ji jednodu\u0161e zkombinujte s obl\u00edben\u00fdmi botami, zat\u00edmco v chladn\u011bj\u0161\u00edch m\u011bs\u00edc\u00edch p\u0159es ni p\u0159eho\u010fte svetr nebo bundu &#8211; a voil\u00e0! Ka\u017ed\u00fd den budete vypadat jako milion dolar\u016f, a to bez v\u011bt\u0161\u00ed n\u00e1mahy!<\/p>\n\n<h2 class=\"wp-block-heading\">Dlouhodob\u00e1 investice<\/h2>\n\n<p>V\u00fdb\u011br v\u00fdrobk\u016f v\u00fdrobce d\u00e1msk\u00fdch \u0161at\u016f je dobr\u00fdm rozhodnut\u00edm z mnoha d\u016fvod\u016f. U\u017e jsme m\u011bli nejednu p\u0159\u00edle\u017eitost pochv\u00e1lit kr\u00e1sn\u00e9 a jedine\u010dn\u00e9 m\u00f3dn\u00ed trendy a designy v\u0161ech v\u00fdrobk\u016f, ale co kvalita?  <strong>POZA pou\u017e\u00edv\u00e1 m\u011bkk\u00e9 a odoln\u00e9 l\u00e1tky, kter\u00e9 i po mnoha vypr\u00e1n\u00edch vypadaj\u00ed stejn\u011b \u00fa\u017easn\u011b jako p\u0159i uveden\u00ed na trh.<\/strong>  V\u00fdrobce d\u00e1msk\u00fdch \u0161at\u016f je na trhu ji\u017e v\u00edce ne\u017e 40 let. B\u011bhem t\u00e9to doby jsme zdokonalili design a \u0161it\u00ed v\u00fdrobk\u016f, kter\u00e9 se neboj\u00ed r\u016fzn\u00fdch pov\u011btrnostn\u00edch podm\u00ednek a \u010detn\u00fdch pran\u00ed.<\/p>\n\n<h2 class=\"wp-block-heading\">Origin\u00e1ln\u00ed design<\/h2>\n\n<p>Pokud hled\u00e1te jedine\u010dn\u00e9 kreace pro ka\u017edou p\u0159\u00edle\u017eitost, zam\u011b\u0159te se na \u0161aty od v\u00fdrobce POZA. Vytv\u00e1\u0159\u00edme jedine\u010dn\u00e9 v\u00fdrobky inspirovan\u00e9 nejnov\u011bj\u0161\u00edmi trendy. P\u0159i navrhov\u00e1n\u00ed oble\u010den\u00ed mysl\u00edme na na\u0161e z\u00e1kazn\u00edky a kombinujeme sou\u010dasnou m\u00f3du se st\u0159ihy a vzory, kter\u00e9 si polsk\u00e9 \u017eeny obl\u00edbily. Proto <strong>si na\u0161e v\u00fdrobky obl\u00edbily \u017eeny v\u0161ech v\u011bkov\u00fdch kategori\u00ed a velikost\u00ed!<\/strong> Vyzkou\u0161ejte je a budete si moci ka\u017ed\u00fd den u\u017e\u00edvat neoceniteln\u00e9ho pohodl\u00ed v elegantn\u00edm proveden\u00ed.<\/p>\n","protected":false},"excerpt":{"rendered":"<p>Elegantn\u00ed d\u00e1msk\u00e9 \u0161aty od polsk\u00e9ho v\u00fdrobce Vkusn\u00e9 \u0161aty pro ka\u017edou p\u0159\u00edle\u017eitost Dobr\u00e1 volba pro v\u0161echna ro\u010dn\u00ed obdob\u00ed Dlouhodob\u00e1 investice Origin\u00e1ln\u00ed design<\/p>\n","protected":false},"author":1,"featured_media":0,"parent":0,"menu_order":0,"comment_status":"closed","ping_status":"closed","template":"","meta":{"neve_meta_sidebar":"","neve_meta_container":"","neve_meta_enable_content_width":"","neve_meta_content_width":0,"neve_meta_title_alignment":"","neve_meta_author_avatar":"","neve_post_elements_order":"","neve_meta_disable_header":"","neve_meta_disable_footer":"","neve_meta_disable_title":"","footnotes":""},"class_list":["post-769","page","type-page","status-publish","hentry"],"_links":{"self":[{"href":"https:\/\/poza.com.pl\/cs\/wp-json\/wp\/v2\/pages\/769","targetHints":{"allow":["GET"]}}],"collection":[{"href":"https:\/\/poza.com.pl\/cs\/wp-json\/wp\/v2\/pages"}],"about":[{"href":"https:\/\/poza.com.pl\/cs\/wp-json\/wp\/v2\/types\/page"}],"author":[{"embeddable":true,"href":"https:\/\/poza.com.pl\/cs\/wp-json\/wp\/v2\/users\/1"}],"replies":[{"embeddable":true,"href":"https:\/\/poza.com.pl\/cs\/wp-json\/wp\/v2\/comments?post=769"}],"version-history":[{"count":3,"href":"https:\/\/poza.com.pl\/cs\/wp-json\/wp\/v2\/pages\/769\/revisions"}],"predecessor-version":[{"id":987,"href":"https:\/\/poza.com.pl\/cs\/wp-json\/wp\/v2\/pages\/769\/revisions\/987"}],"wp:attachment":[{"href":"https:\/\/poza.com.pl\/cs\/wp-json\/wp\/v2\/media?parent=769"}],"curies":[{"name":"wp","href":"https:\/\/api.w.org\/{rel}","templated":true}]}}