{"id":584,"date":"2023-06-14T12:49:51","date_gmt":"2023-06-14T12:49:51","guid":{"rendered":"https:\/\/poza.com.pl\/polnische-bekleidungshersteller\/"},"modified":"2023-06-15T14:40:22","modified_gmt":"2023-06-15T14:40:22","slug":"polnische-bekleidungshersteller","status":"publish","type":"page","link":"https:\/\/poza.com.pl\/de\/polnische-bekleidungshersteller\/","title":{"rendered":"Polnische Bekleidungshersteller"},"content":{"rendered":"\n<p>POZA setzt sich daf\u00fcr ein, dass die polnischen Bekleidungshersteller sowohl bei den inl\u00e4ndischen Verbrauchern als auch im Ausland einen guten Ruf genie\u00dfen. Mit der Qualit\u00e4t unserer Produkte beweisen wir, dass polnische Unternehmen in der Lage sind, Produkte auf h\u00f6chstem Weltniveau zu liefern. Wir k\u00fcmmern uns um jedes Detail &#8211; sowohl in der Entwurfsphase als auch beim N\u00e4hen der sp\u00e4teren Modelle.<\/p>\n\n<h2 class=\"wp-block-heading\">Die Marke POZA steht f\u00fcr klassisches Design mit einem modernen Twist<\/h2>\n\n<p>Was uns von anderen polnischen Bekleidungsherstellern unterscheidet, ist unser Stil, der sich auf die Klassiker der Damenmode bezieht. Der einzigartige Charakter der Marke POZA ist das Ergebnis der Liebe unserer Designer zu traditionellen Designl\u00f6sungen. Wir kombinieren gekonnt den Charme von Klassikern mit modernen, frischen Trends. So entstehen unsere einzigartigen Abend-, Cocktail- und formellen Kleider, aber auch ganz legere Modelle, mit denen Sie sich elegant und doch l\u00e4ssig f\u00fchlen, wenn Sie mit Freunden ausgehen oder einen Wochenendspaziergang machen.<\/p>\n\n<h2 class=\"wp-block-heading\">Hausgemachte Damenmode auf globaler Ebene<\/h2>\n\n<p>Wer sonst als die polnischen Bekleidungshersteller kennt und versteht die Bed\u00fcrfnisse und Erwartungen der einheimischen Verbraucher besser? Das Wetter hier oder die Kleiderordnung f\u00fcr Gesch\u00e4ftsleute bed\u00fcrfen wohl keiner Beschreibung. Aus diesem Grund  <strong>Das POZA-Sortiment umfasst perfekte Kreationen f\u00fcr jeden Anlass. Wir bieten sowohl luftige Kleider f\u00fcr den Sommer<\/strong>Ideal bei Temperaturen von bis zu 30 Grad Celsius, aber auch B\u00fcrokleidung, die perfekt zum Dresscode des Unternehmens passt.<\/p>\n\n<h2 class=\"wp-block-heading\">Einzigartige Kleidung f\u00fcr Damen jeden Alters<\/h2>\n\n<p>Die polnischen Hersteller von Damenbekleidung lassen sich von den neuesten Trends inspirieren und vergessen dabei nicht ihre Kundinnen jeden Alters. Als erfahrener polnischer Bekleidungshersteller kreiert POZA nicht nur sehr glamour\u00f6se und ultramodische Outfits, sondern auch bequeme Kleidung. So ist sichergestellt, dass <strong>f\u00fcr jede Frau etwas<\/strong> dabei ist &#8211; unabh\u00e4ngig von ihrer Gr\u00f6\u00dfe und dem Geburtsdatum in ihrem Personalausweis. Bei POZA zum Beispiel kreieren wir ganze Kollektionen von Alltagskleidern, die wundersch\u00f6n liegen und an jeder Figur hinrei\u00dfend aussehen.<\/p>\n\n<h2 class=\"wp-block-heading\">Eine gute Alternative zu ausl\u00e4ndischen Marken<\/h2>\n\n<p>Die polnischen Bekleidungshersteller konzentrieren sich darauf, die nat\u00fcrliche Sch\u00f6nheit einer jeden Frau zu unterstreichen. Sehr oft sind die ausl\u00e4ndischen Produkte auf die Gr\u00f6\u00dfen S, M und L beschr\u00e4nkt, was dazu f\u00fchrt, dass die Kleidungsst\u00fccke weder gut an Frauen mit weiblichen Formen passen, noch sich durch besondere Qualit\u00e4t und Haltbarkeit auszeichnen. POZA hingegen stellt Kleidung her, die nicht nur Frauen aller Gr\u00f6\u00dfen passt, sondern auch sehr haltbar und qualitativ ansprechend ist.<\/p>\n","protected":false},"excerpt":{"rendered":"<p>Die Marke POZA steht f\u00fcr klassisches Design mit einem modernen Twist Hausgemachte Damenmode auf globaler Ebene Einzigartige Kleidung f\u00fcr Damen jeden Alters Eine gute Alternative zu ausl\u00e4ndischen Marken<\/p>\n","protected":false},"author":1,"featured_media":0,"parent":0,"menu_order":0,"comment_status":"closed","ping_status":"closed","template":"","meta":{"neve_meta_sidebar":"","neve_meta_container":"","neve_meta_enable_content_width":"","neve_meta_content_width":0,"neve_meta_title_alignment":"","neve_meta_author_avatar":"","neve_post_elements_order":"","neve_meta_disable_header":"","neve_meta_disable_footer":"","neve_meta_disable_title":"","footnotes":""},"class_list":["post-584","page","type-page","status-publish","hentry"],"_links":{"self":[{"href":"https:\/\/poza.com.pl\/de\/wp-json\/wp\/v2\/pages\/584","targetHints":{"allow":["GET"]}}],"collection":[{"href":"https:\/\/poza.com.pl\/de\/wp-json\/wp\/v2\/pages"}],"about":[{"href":"https:\/\/poza.com.pl\/de\/wp-json\/wp\/v2\/types\/page"}],"author":[{"embeddable":true,"href":"https:\/\/poza.com.pl\/de\/wp-json\/wp\/v2\/users\/1"}],"replies":[{"embeddable":true,"href":"https:\/\/poza.com.pl\/de\/wp-json\/wp\/v2\/comments?post=584"}],"version-history":[{"count":3,"href":"https:\/\/poza.com.pl\/de\/wp-json\/wp\/v2\/pages\/584\/revisions"}],"predecessor-version":[{"id":611,"href":"https:\/\/poza.com.pl\/de\/wp-json\/wp\/v2\/pages\/584\/revisions\/611"}],"wp:attachment":[{"href":"https:\/\/poza.com.pl\/de\/wp-json\/wp\/v2\/media?parent=584"}],"curies":[{"name":"wp","href":"https:\/\/api.w.org\/{rel}","templated":true}]}}