{"id":718,"date":"2023-06-14T12:51:36","date_gmt":"2023-06-14T12:51:36","guid":{"rendered":"https:\/\/poza.com.pl\/hersteller-von-damenanzuegen\/"},"modified":"2023-06-15T14:40:48","modified_gmt":"2023-06-15T14:40:48","slug":"hersteller-von-damenanzuegen","status":"publish","type":"page","link":"https:\/\/poza.com.pl\/de\/hersteller-von-damenanzuegen\/","title":{"rendered":"Hersteller von Damenanz\u00fcgen"},"content":{"rendered":"\n<p>Die Kombination von Jacke und Rock ist eine h\u00e4ufige Wahl von eleganten Frauen, so dass solche Sets in unserem Angebot nicht fehlen d\u00fcrfen. Die Produkte von POZA sind nicht nur geschmackvolle Kleider &#8211; wir sind auch ein Hersteller von Damenanz\u00fcgen. Unser Produktkatalog umfasst Sets, die sich ideal f\u00fcr feierliche Anl\u00e4sse wie Hochzeiten und Jubil\u00e4en eignen. POZA-Anz\u00fcge eignen sich auch hervorragend f\u00fcr Gesch\u00e4ftstreffen und Konferenzen. Wir sorgen daf\u00fcr, dass jedes Set seiner Besitzerin steht, unabh\u00e4ngig von ihrem Figurtyp. Unser Angebot umfasst Modelle in den Gr\u00f6\u00dfen 36 bis 50, und jedes Kleidungsst\u00fcck ist so konzipiert, dass es wie ma\u00dfgeschneidert aussieht.<\/p>\n\n<h2 class=\"wp-block-heading\">Polnischer Hersteller von Damenanz\u00fcgen und -kleidern<\/h2>\n\n<p>POZA ist ein polnisches Unternehmen, das sowohl im Inland als auch im Ausland t\u00e4tig ist. Als Hersteller von Damenanz\u00fcgen und eleganten Kleidern legen wir gro\u00dfen Wert auf die Qualit\u00e4t unserer Produkte. Jeder Entwurf wird von uns bis ins Detail ausgefeilt, und der Produktionsprozess unterliegt strengen Kontrollma\u00dfnahmen. So wird sichergestellt, dass die Kunden Produkte erhalten, die nicht nur sch\u00f6n, sondern auch pr\u00e4zise gefertigt sind.<\/p>\n","protected":false},"excerpt":{"rendered":"<p>Polnischer Hersteller von Damenanz\u00fcgen und -kleidern<\/p>\n","protected":false},"author":1,"featured_media":0,"parent":0,"menu_order":0,"comment_status":"closed","ping_status":"closed","template":"","meta":{"neve_meta_sidebar":"","neve_meta_container":"","neve_meta_enable_content_width":"","neve_meta_content_width":0,"neve_meta_title_alignment":"","neve_meta_author_avatar":"","neve_post_elements_order":"","neve_meta_disable_header":"","neve_meta_disable_footer":"","neve_meta_disable_title":"","footnotes":""},"class_list":["post-718","page","type-page","status-publish","hentry"],"_links":{"self":[{"href":"https:\/\/poza.com.pl\/de\/wp-json\/wp\/v2\/pages\/718","targetHints":{"allow":["GET"]}}],"collection":[{"href":"https:\/\/poza.com.pl\/de\/wp-json\/wp\/v2\/pages"}],"about":[{"href":"https:\/\/poza.com.pl\/de\/wp-json\/wp\/v2\/types\/page"}],"author":[{"embeddable":true,"href":"https:\/\/poza.com.pl\/de\/wp-json\/wp\/v2\/users\/1"}],"replies":[{"embeddable":true,"href":"https:\/\/poza.com.pl\/de\/wp-json\/wp\/v2\/comments?post=718"}],"version-history":[{"count":3,"href":"https:\/\/poza.com.pl\/de\/wp-json\/wp\/v2\/pages\/718\/revisions"}],"predecessor-version":[{"id":764,"href":"https:\/\/poza.com.pl\/de\/wp-json\/wp\/v2\/pages\/718\/revisions\/764"}],"wp:attachment":[{"href":"https:\/\/poza.com.pl\/de\/wp-json\/wp\/v2\/media?parent=718"}],"curies":[{"name":"wp","href":"https:\/\/api.w.org\/{rel}","templated":true}]}}