{"id":777,"date":"2023-06-14T12:51:58","date_gmt":"2023-06-14T12:51:58","guid":{"rendered":"https:\/\/poza.com.pl\/hersteller-von-frauenkleidern-2\/"},"modified":"2023-06-15T14:41:12","modified_gmt":"2023-06-15T14:41:12","slug":"hersteller-von-frauenkleidern-2","status":"publish","type":"page","link":"https:\/\/poza.com.pl\/de\/hersteller-von-frauenkleidern-2\/","title":{"rendered":"Hersteller von Frauenkleidern"},"content":{"rendered":"\n<p>POZA kreiert Kleidung f\u00fcr Frauen, die in jeder Situation elegant aussehen wollen. Wir sind ein Hersteller von Damenkleidern, die sich durch klassische Still\u00f6sungen auszeichnen. Wir sind bestrebt, moderne Kleidungstrends aufzugreifen, aber jedes unserer Modelle ist so konzipiert, dass es modisches Design mit dem Charme traditioneller weiblicher Stile verbindet. Die Einzigartigkeit der POZA-Produkte zeigt sich sowohl in unseren Abendvorschl\u00e4gen als auch in den Modellen, die f\u00fcr den allt\u00e4glichen Gebrauch geschaffen wurden &#8211; im B\u00fcro oder bei informellen Ausfl\u00fcgen mit Freunden. Als Hersteller von Damenkleidern setzen wir alles daran, dass sich die Tr\u00e4gerinnen unserer Kleider stets modisch und sehr feminin darin f\u00fchlen.<\/p>\n\n<h2 class=\"wp-block-heading\">Elegante Damenkleider von einem polnischen Hersteller<\/h2>\n\n<p>Unser Angebot bedeutet, dass polnische Frauen nicht lange suchen m\u00fcssen, um hochwertige Damenkleider zu finden. Der polnische Hersteller ist eine Garantie daf\u00fcr, dass die Produkte sorgf\u00e4ltig vorbereitet und aus hochwertigen Materialien hergestellt werden. POZA ist auf dem heimischen Markt und im Ausland t\u00e4tig, aber unsere Schneiderei befindet sich in Gdansk. Jedes Modell, das in unser Sortiment aufgenommen wird, wird im POZA-Geb\u00e4ude entworfen, gen\u00e4ht und getestet. So haben wir die volle Kontrolle \u00fcber den gesamten Prozess und k\u00f6nnen einen gleichbleibend hohen Standard gew\u00e4hrleisten.<\/p>\n\n<h2 class=\"wp-block-heading\">Geschmackvolle Kleider f\u00fcr jeden Anlass<\/h2>\n\n<p>Als erfahrener polnischer Kleiderhersteller verstehen wir den Geschmack der polnischen Frauen und erf\u00fcllen ihre Erwartungen, ohne den einzigartigen Charakter unserer Marke zu vernachl\u00e4ssigen.  <strong>Der Produktkatalog von POZA umfasst. geschmackvolle Kleider mit bunten Mustern, Blumen oder Erbsen sowie Modelle mit Spitze.<\/strong>  \u00dcbrigens stellen wir nicht nur Kleider her. Der polnische Hersteller, der seit vier Jahrzehnten auf dem Markt ist, muss wissen, dass polnische Frauen auch Jacken, M\u00e4ntel und Anz\u00fcge lieben. Auch diese Kleidungsst\u00fccke sind ein fester Bestandteil unseres Sortiments.<\/p>\n<p>Hervorzuheben ist auch die Pr\u00e4zision aller unserer Produkte. POZA ist ein polnischer Hersteller von Damenkleidern, der die Qualit\u00e4tserwartungen der anspruchsvollsten Kunden erf\u00fcllt.<\/p>\n\n<h2 class=\"wp-block-heading\">Eine gute Wahl f\u00fcr alle Jahreszeiten<\/h2>\n\n<p>Jedes der einzigartigen Kleidungsst\u00fccke kann sowohl im Sommer als auch im Winter erfolgreich getragen werden. Der Hersteller von Frauenkleidern hat daf\u00fcr gesorgt, dass polnische Frauen zu jeder Jahreszeit sch\u00f6n aussehen. Im Sommer und Fr\u00fchling kombinieren Sie es einfach mit Ihren Lieblingsschuhen, w\u00e4hrend Sie in den k\u00e4lteren Monaten eine Strickjacke oder Jacke dar\u00fcber ziehen &#8211; und voil\u00e0! So k\u00f6nnen Sie jeden Tag wie eine Million Dollar aussehen, und das ohne viel Aufwand!<\/p>\n\n<h2 class=\"wp-block-heading\">Eine Investition auf lange Sicht<\/h2>\n\n<p>Die Wahl der Produkte eines Herstellers von Frauenkleidern ist aus vielen Gr\u00fcnden eine gute Entscheidung. Wir hatten bereits mehr als einmal die Gelegenheit, die sch\u00f6ne und einzigartige Mode und das Design aller Produkte zu loben, aber wie steht es mit der Qualit\u00e4t?  <strong>POZA verwendet weiche und strapazierf\u00e4hige Stoffe, die auch nach vielen W\u00e4schen noch so wahnsinnig sch\u00f6n aussehen wie bei der Einf\u00fchrung&#8220;.<\/strong>  Der Hersteller von Damenkleidern ist seit mehr als 40 Jahren auf dem Markt. In dieser Zeit haben wir das Design und das N\u00e4hen von Produkten perfektioniert, die den verschiedenen Witterungsbedingungen und zahlreichen Waschvorg\u00e4ngen standhalten.<\/p>\n\n<h2 class=\"wp-block-heading\">Originelles Design<\/h2>\n\n<p>Wenn Sie auf der Suche nach einzigartigen Kreationen f\u00fcr jeden Anlass sind, sollten Sie nach Kleidern des Damenherstellers POZA Ausschau halten. Wir kreieren einzigartige Produkte, die sich an den neuesten Trends orientieren. Mit Blick auf unsere Kunden kombinieren wir beim Entwerfen der Kleidung aktuelle Mode mit Schnitten und Mustern, die polnische Frauen lieben. Aus diesem Grund werden <strong>unsere Produkte von Frauen jeden Alters und jeder Gr\u00f6\u00dfe bevorzugt!<\/strong> Probieren Sie es an und Sie werden jeden Tag auf elegante Art und Weise unsch\u00e4tzbaren Komfort genie\u00dfen k\u00f6nnen.<\/p>\n","protected":false},"excerpt":{"rendered":"<p>Elegante Damenkleider von einem polnischen Hersteller Geschmackvolle Kleider f\u00fcr jeden Anlass Eine gute Wahl f\u00fcr alle Jahreszeiten Eine Investition auf lange Sicht Originelles Design<\/p>\n","protected":false},"author":1,"featured_media":0,"parent":0,"menu_order":0,"comment_status":"closed","ping_status":"closed","template":"","meta":{"neve_meta_sidebar":"","neve_meta_container":"","neve_meta_enable_content_width":"","neve_meta_content_width":0,"neve_meta_title_alignment":"","neve_meta_author_avatar":"","neve_post_elements_order":"","neve_meta_disable_header":"","neve_meta_disable_footer":"","neve_meta_disable_title":"","footnotes":""},"class_list":["post-777","page","type-page","status-publish","hentry"],"_links":{"self":[{"href":"https:\/\/poza.com.pl\/de\/wp-json\/wp\/v2\/pages\/777","targetHints":{"allow":["GET"]}}],"collection":[{"href":"https:\/\/poza.com.pl\/de\/wp-json\/wp\/v2\/pages"}],"about":[{"href":"https:\/\/poza.com.pl\/de\/wp-json\/wp\/v2\/types\/page"}],"author":[{"embeddable":true,"href":"https:\/\/poza.com.pl\/de\/wp-json\/wp\/v2\/users\/1"}],"replies":[{"embeddable":true,"href":"https:\/\/poza.com.pl\/de\/wp-json\/wp\/v2\/comments?post=777"}],"version-history":[{"count":3,"href":"https:\/\/poza.com.pl\/de\/wp-json\/wp\/v2\/pages\/777\/revisions"}],"predecessor-version":[{"id":986,"href":"https:\/\/poza.com.pl\/de\/wp-json\/wp\/v2\/pages\/777\/revisions\/986"}],"wp:attachment":[{"href":"https:\/\/poza.com.pl\/de\/wp-json\/wp\/v2\/media?parent=777"}],"curies":[{"name":"wp","href":"https:\/\/api.w.org\/{rel}","templated":true}]}}