{"id":494,"date":"2023-06-13T11:09:26","date_gmt":"2023-06-13T11:09:26","guid":{"rendered":"https:\/\/poza.com.pl\/kur-isigyti\/"},"modified":"2023-06-15T14:36:47","modified_gmt":"2023-06-15T14:36:47","slug":"kur-isigyti","status":"publish","type":"page","link":"https:\/\/poza.com.pl\/lt\/kur-isigyti\/","title":{"rendered":"KUR \u012eSIGYTI"},"content":{"rendered":"\n<div class=\"wp-block-columns is-layout-flex wp-container-core-columns-is-layout-9d6595d7 wp-block-columns-is-layout-flex\">\n<div class=\"wp-block-column is-layout-flow wp-block-column-is-layout-flow\" style=\"flex-basis:33%\">\n<div class=\"wp-block-group\"><div class=\"wp-block-group__inner-container is-layout-constrained wp-block-group-is-layout-constrained\"><div class=\"su-spoiler su-spoiler-style-fancy su-spoiler-icon-caret\" data-scroll-offset=\"0\" data-anchor-in-url=\"no\"><div class=\"su-spoiler-title\" tabindex=\"0\" role=\"button\"><span class=\"su-spoiler-icon\"><\/span>DOLNO\u015aL\u0104SKIE <\/div><div class=\"su-spoiler-content su-u-clearfix su-u-trim\">\n<p>Sklep &#8222;VITO VERGELIS , CH Aleja Bielany<br \/>\nul.Czekoladowa 9 55-040&nbsp;Kobierzyce<br \/>tel.693-777-377<\/p>\n<p>Sklep YORK<br \/>Ul.Grunwaldzka 16A Boles\u0142awiec<br \/>757342240<\/p>\n<p>Sklep \u201eSzyk\u201d<br \/>ul. Witosa 20 Trzebnica<br \/>tel. 71 312 03 30<\/p>\n<p>Sklep &#8222;ELISSO&#8221;<br \/>ul.Rynek 21-22 , Z\u0105bkowice \u015al\u0105skie<br \/>tel.606275638<\/p>\n<p>Salon mody &#8222;WANDA STYL&#8221;<br \/>ul.G\u0142\u00f3wna 5, Wa\u0142brzych<br \/>CH AUCHAN ul. Wieniawskiego<br \/>tel.74 8415602<\/p>\n<p>Sklep EWA<br \/>Ul.Dworcowa 4<br \/>ZABRZE<\/p>\n<p>Natali Collection<br \/>Okr\u0119\u017cna 21\/8 Ole\u015bnica<br \/>Wroc\u0142awska 23F Ole\u015bnica<br \/>tel.512432166<\/p>\n<p>Sklep Galanteryjny ,,SALAMANDRA&#8221;<br \/>ul. Klasztorna 1 Dzier\u017coni\u00f3w<br \/>tel. 602 340 093<\/p>\n<\/div><\/div>\n<div class=\"su-spoiler su-spoiler-style-fancy su-spoiler-icon-caret su-spoiler-closed\" data-scroll-offset=\"0\" data-anchor-in-url=\"no\"><div class=\"su-spoiler-title\" tabindex=\"0\" role=\"button\"><span class=\"su-spoiler-icon\"><\/span>KUJAWSKO-POMORSKIE <\/div><div class=\"su-spoiler-content su-u-clearfix su-u-trim\">Sklep &#8222;HANNA&#8221; Bydgoszcz<br \/>ul.D\u0142uga 29 tel. 523493359<br \/>ul.Dworcowa 8 tel. 523238405<br \/>ul.Gda\u0144ska 57 tel 523231111<br \/>ul.\u0141\u0119czycka 35 tel. 523426953<br \/>ul.Magnuszewska 6 tel 523620725<\/p>\n<p>Sklep &#8222;HANNA&#8221; Toru\u0144<br \/>ul.\u017beglarska 18<br \/>tel.566210940<\/p>\n<p>Modny Styl C.H.Bielawy<br \/>Olszty\u0144ska 8<br \/>87-100 Toru\u0144<br \/>tel.605314304<\/p>\n<p>Femi collection<br \/>ul.Broniewskiego 1a<br \/>87-720 Ciechocinek<br \/>tel.692 448 076<\/p>\n<p>Sklep &#8222;W\u00f3jciak Grzegorz&#8221;<br \/>ul.Du\u017cy Rynek 20, Brodnica<br \/>tel.601466418<\/p>\n<p>Musso Butik<br \/>UL Dluga 28<br \/>Bydgoszcz<\/p>\n<\/div><\/div>\n<div class=\"su-spoiler su-spoiler-style-fancy su-spoiler-icon-caret su-spoiler-closed\" data-scroll-offset=\"0\" data-anchor-in-url=\"no\"><div class=\"su-spoiler-title\" tabindex=\"0\" role=\"button\"><span class=\"su-spoiler-icon\"><\/span>LUBELSKIE <\/div><div class=\"su-spoiler-content su-u-clearfix su-u-trim\">\n<p>Butik &#8222;MARGOT&#8221;<br \/>ul.\u017bEROMSKIEGO 6&nbsp; STAR\u00d3WKA<\/p>\n<p>Zielona G\u00f3ra 65-058<\/p>\n<\/div><\/div>\n<div class=\"su-spoiler su-spoiler-style-fancy su-spoiler-icon-caret su-spoiler-closed\" data-scroll-offset=\"0\" data-anchor-in-url=\"no\"><div class=\"su-spoiler-title\" tabindex=\"0\" role=\"button\"><span class=\"su-spoiler-icon\"><\/span>\u0141\u00d3DZKIE <\/div><div class=\"su-spoiler-content su-u-clearfix su-u-trim\">\n<p>Sklep Odzie\u017cowy \u201eMARYLA\u201d<br \/>ul.Wyszy\u0144skiego 10A , Rawa Mazowiecka<\/p>\n<\/div><\/div>\n<div class=\"su-spoiler su-spoiler-style-fancy su-spoiler-icon-caret su-spoiler-closed\" data-scroll-offset=\"0\" data-anchor-in-url=\"no\"><div class=\"su-spoiler-title\" tabindex=\"0\" role=\"button\"><span class=\"su-spoiler-icon\"><\/span>MA\u0141OPOLSKIE <\/div><div class=\"su-spoiler-content su-u-clearfix su-u-trim\">\n<p>Sklep &#8222;GRACJA&#8221;<br \/>Ul. Wa\u0142owa 27, Tarn\u00f3w<br \/>Tel.: +14 627 43 60<\/p>\n<p>Sklep &#8222;Lavend&#8221;<br \/>ul.Zwierzyniecka 21<br \/>Krak\u00f3w<br \/>tel.503058158<\/p>\n<p>Moda szyk styl<br \/>Mackiewicza 17<br \/>Krak\u00f3w<br \/>tel. 503066030.<\/p>\n<p>Moda Szyk Styl.<br \/>Bratys\u0142awska 4 Krak\u00f3w<br \/>tel.503066030.<\/p>\n<p>Moda Szyk Styl<br \/>Medweckiego 2 CH Czy\u017cyny Krak\u00f3w<br \/>tel.503066030<\/p>\n<p>MADAME butiqe<br \/>34-730 Mszana Dolna<br \/>ul.Kolbego 4<br \/>tel:695193256<\/p>\n<\/div><\/div>\n<div class=\"su-spoiler su-spoiler-style-fancy su-spoiler-icon-caret su-spoiler-closed\" data-scroll-offset=\"0\" data-anchor-in-url=\"no\"><div class=\"su-spoiler-title\" tabindex=\"0\" role=\"button\"><span class=\"su-spoiler-icon\"><\/span>MAZOWIECKIE<\/div><div class=\"su-spoiler-content su-u-clearfix su-u-trim\">\n<p>Sklep &#8222;EURO MODA&#8221;<br \/>ul.Moniuszki 21<br \/>Radom<br \/>+48 362 32 22<\/p>\n<p>Sklep &#8222;REGINA&#8221;<br \/>ul.Moniuszki 21\/1 ,Radom<\/p>\n<p>Sklep &#8222;Szyk&#8221;<br \/>ul.Przejazd 1 , Nowy Dw\u00f3r Mazowiecki<\/p>\n<p>Sklep &#8222;MATYLDA&#8221;<br \/>ul.Nowy Rynek 1 paw 7D, P\u0142ock<\/p>\n<p>Sklep &#8222;FOR YOUR PRESTIGE&#8221;<br \/>Galeria Handlowa Bemowo, ul. Powsta\u0144c\u00f3w \u015al\u0105skich 126 lok.25, Warszawa<\/p>\n<p>Sklep &#8222;KAMA&#8221;<br \/>CH LAND ul.Wa\u0142brzyska 11 lok. 179, Warszawa<\/p>\n<p>Sklep &#8222;MARIEL&#8221;<br \/>ul.Tumska 6 , P\u0142ock<br \/>tel. 242626918<\/p>\n<p>Sklep &#8222;GRA\u017bYNA WYSOCKA&#8221;<br \/>ul.Ko\u015bciuszki 31 , Garwolin<br \/>tel. 502349503<\/p>\n<p>Dom handlowy &#8222;RYNKOWSCY&#8221;<br \/>ul.Warszawska 12, Ciechan\u00f3w<br \/>236739240<\/p>\n<p>Sklep &#8222;Fashion&amp;Moda&#8221;-Galeria Alius<br \/>Dorota Szcz\u0119sna<br \/>ul.Gorbatowa 11<br \/>OSTRO\u0141\u0118KA<br \/>tel.512228473<\/p>\n<\/div><\/div>\n<div class=\"su-spoiler su-spoiler-style-fancy su-spoiler-icon-caret su-spoiler-closed\" data-scroll-offset=\"0\" data-anchor-in-url=\"no\"><div class=\"su-spoiler-title\" tabindex=\"0\" role=\"button\"><span class=\"su-spoiler-icon\"><\/span>OPOLSKIE<\/div><div class=\"su-spoiler-content su-u-clearfix su-u-trim\">\n<p>Sklep &#8222;MAGDA&#8221;<br \/>ul. Piastowska 28, Nysa<br \/>tel.602646769<\/p>\n<p>Natali Collection<br \/>Pl.Niepodleg\u0142o\u015bci 10<br \/>Kluczbork<br \/>tel.517350948.<\/p>\n<p>EUROMODA<br \/>ul. Kamienna 5 Opole<br \/>tel.774419970<\/p>\n<p>Magda Sklep z odzie\u017c\u0105 damsk\u0105<br \/>ul. Kolejowa 6 Nysa<br \/>774351240<\/p>\n<\/div><\/div>\n<div class=\"su-spoiler su-spoiler-style-fancy su-spoiler-icon-caret su-spoiler-closed\" data-scroll-offset=\"0\" data-anchor-in-url=\"no\"><div class=\"su-spoiler-title\" tabindex=\"0\" role=\"button\"><span class=\"su-spoiler-icon\"><\/span>PODKARPACKIE<\/div><div class=\"su-spoiler-content su-u-clearfix su-u-trim\">\n<p>Sklep &#8222;Od A do Z&#8221;<br \/>ul.Pi\u0142sudskiego 6 , Tarnobrzeg<br \/>tel. 608031696<br \/>Sklep &#8222;PYJOR&#8221;<br \/>ul.Ks. J. Popie\u0142uszki 6, Stalowa Wola<\/p>\n<p>Sklep &#8222;ADAM I EWA&#8221;<br \/>ul.Grunwaldzka 26 , Jaros\u0142aw<br \/>tel 166213207<br \/>Sklep &#8222;ANNA&#8221;<br \/>ul.Baczy\u0144skiego 1 , Rzesz\u00f3w<\/p>\n<p>Sklep &#8222;QUEEN&#8221; Rzesz\u00f3w<br \/>CH PLAZA tel 178505409<br \/>Galeria Rzesz\u00f3w tel +177771850<br \/>Galeria Grafika tel 535994998<\/p>\n<p>Sklep GRACJA<br \/>ul. Rzeszowska 123 A D\u0119bica<br \/>tel. 604605946<\/p>\n<p>Sklep Gracja Galeria D\u0119bicka<br \/>ul Ks.Nosala 2 D\u0119bica<br \/>146703120<\/p>\n<p>Sklep Odziezowy Helena Niemczyk<br \/>ul Mickiewicza 18 Le\u017cajsk<br \/>tel. 172421621<\/p>\n<\/div><\/div>\n<div class=\"su-spoiler su-spoiler-style-fancy su-spoiler-icon-caret su-spoiler-closed\" data-scroll-offset=\"0\" data-anchor-in-url=\"no\"><div class=\"su-spoiler-title\" tabindex=\"0\" role=\"button\"><span class=\"su-spoiler-icon\"><\/span>PODLASKIE<\/div><div class=\"su-spoiler-content su-u-clearfix su-u-trim\">\n<p>Sklep &#8222;ALINA&#8221;<br \/>ul.Dworna 1 , \u0141om\u017ca<br \/>tel.86 2163815<\/p>\n<\/div><\/div>\n<div class=\"su-spoiler su-spoiler-style-fancy su-spoiler-icon-caret su-spoiler-closed\" data-scroll-offset=\"0\" data-anchor-in-url=\"no\"><div class=\"su-spoiler-title\" tabindex=\"0\" role=\"button\"><span class=\"su-spoiler-icon\"><\/span>POMORSKIE<\/div><div class=\"su-spoiler-content su-u-clearfix su-u-trim\">\n<p><strong>Sklep &nbsp;\u201eMona Pro Moda\u201d &#8211; Madison<\/strong><br \/>ul. Rajska 10<br \/>Gda\u0144sk 80-001<br \/>tel. 609623194<\/p>\n<p><strong>Sklep &nbsp;\u201eMona Pro Moda\u201d &#8211; Metropolia<\/strong><br \/>ul. Jana Kili\u0144skiego 4<br \/>Gda\u0144sk 80-452<br \/>tel. 609002932<\/p>\n<p><strong>Sklep &nbsp;\u201eMona Pro Moda\u201d<\/strong><br \/>ul. Podwale Staromiejskie 103<br \/>Gda\u0144sk 80-001<br \/>tel. 607477387<\/p>\n<p><strong>Sklep odzie\u017cowy \u201eMarta B\u0105k\u201d<\/strong><br \/>Dom Towarowy Chylonia<br \/>ul. Gniewska 21 box 72A<br \/>Gdynia<br \/>tel. 606855900<\/p>\n<p><strong>Sklep &nbsp;\u201eMODYDOM\u201d<\/strong><br \/>ul. \u015awi\u0119toja\u0144ska 72<br \/>Gdynia<br \/>tel. 604240227<\/p>\n<p><strong>Sklep \u201eMona Pro Moda\u201d<\/strong><br \/>ul.I Brygady Pancernej Wojska Polskiego 28<br \/>Wejherowo<br \/>tel. 607035298<\/p>\n<p><strong>Sklep \u201ePiastowski\u201d<\/strong><br \/>ul.Anny \u0141ajming 5 , S\u0142upsk<br \/>tel.59 8422912<\/p>\n<p><strong>Salon Mody \u201eJulia\u201d<\/strong><br \/>ul.Staromiejska 15F\/1, L\u0119bork<br \/>tel.598633369<\/p>\n<p><strong>Sklep \u201eMona Pro Moda\u201d<\/strong><br \/>ul. Rynek 6<br \/>Ko\u015bcierzyna<\/p>\n<p><strong>Sklep \u201eTARA BIS\u201d<\/strong><br \/>ul.Stary Rynek 18<br \/>Chojnice<br \/>tel. 523972850<br \/><\/div><\/div>\n<div class=\"su-spoiler su-spoiler-style-fancy su-spoiler-icon-caret su-spoiler-closed\" data-scroll-offset=\"0\" data-anchor-in-url=\"no\"><div class=\"su-spoiler-title\" tabindex=\"0\" role=\"button\"><span class=\"su-spoiler-icon\"><\/span>\u015aL\u0104SKIE<\/div><div class=\"su-spoiler-content su-u-clearfix su-u-trim\">\n<p>Sklep &#8222;MODA DAMSKA&#8221;<br \/>ul. Ko\u015bciuszki 27, D\u0105browa G\u00f3rnicza<br \/>tel.601-430-401<\/p>\n<p>Sklep &#8222;PRIMA&#8221;<br \/>ul. Jana III Sobieskiego 11, D\u0105browa G\u00f3rnicza<br \/>tel.795729106<\/p>\n<p>Sklep &#8222;GRACJA&#8221;<br \/>ul. Wolno\u015bci 28 , Cz\u0119stochowa<br \/>tel.510556882<\/p>\n<p>Sklep &#8222;HALABA&#8221;<br \/>ul.Plac T. Ko\u015bciuszki 29 , Szczekociny<br \/>tel.510556882<\/p>\n<p>Sklep &#8222;GRACJA&#8221;<br \/>ul. G\u00f3rnicza 2 , Tarnowskie G\u00f3ry<br \/>tel.508321659<\/p>\n<p>Sklep &#8222;SARA&#8221;<br \/>ul. Armii Krajowej 79 , Katowice<br \/>tel.322026862<\/p>\n<p>CDN<br \/>Ul.Korfantego 2 Katowice<br \/>tel.797 737 720<\/p>\n<p>CORA<br \/>ul. Moniuszki 10 Katowice<br \/>tel. 322598651<\/p>\n<p>Sklep &#8222;MODEGAL&#8221;<br \/>ul. G\u0142\u0119boka 37 , Cieszyn<br \/>tel.338525221<\/p>\n<p>Sklep &#8222;SZYK 2000&#8221;<br \/>ul.Budowlanych 1 , Bielsko Bia\u0142a<br \/>tel.338126291<\/p>\n<p><b>VENA Styl Studio<\/b><br \/>ul.11 Listopada 23<br \/>Bielsko-Bia\u0142a<br \/>tel.516097970 tel.33\/8213376<\/p>\n<p>ul.Legion\u00f3w 83<br \/>Czechowice-Dziedzice<br \/>tel.509575252<\/p>\n<p>ul.Zielona 9 ( Galeria LIDER)<br \/>\u017bywiec<br \/>tel.509211466<\/p>\n<p>Sklep &#8222;FH Zenon Bulak&#8221;<br \/>ul. Raciborska 46 , Pietrowice Wielkie<br \/>tel.661968233<\/p>\n<p>Sklep &#8222;LEJDIS&#8221;<br \/>Ul.E.Stein 2<br \/>Lubliniec<br \/>Tel.726050757<\/p>\n<p>Gracja<br \/>Wolno\u015bci 9<br \/>41-500 Chorz\u00f3w<br \/>tel. 322410867.<\/p>\n<p>IGA STYL<br \/>ul.Piastowska 7 Pszczyna<br \/>tel. 506 507 817<\/p>\n<\/div><\/div>\n<div class=\"su-spoiler su-spoiler-style-fancy su-spoiler-icon-caret su-spoiler-closed\" data-scroll-offset=\"0\" data-anchor-in-url=\"no\"><div class=\"su-spoiler-title\" tabindex=\"0\" role=\"button\"><span class=\"su-spoiler-icon\"><\/span>\u015aWI\u0118TOKRZYSKIE<\/div><div class=\"su-spoiler-content su-u-clearfix su-u-trim\">\n<p>Sklep RYNEK<br \/>ul.Rynek 8, Stasz\u00f3w<br \/>tel 158642878<\/p>\n<p>Salon mody &#8222;DALIA&#8221;<br \/>ul.1 Maja 22 , Skar\u017cysko-Kamienna<br \/>tel.41 2513869<\/p>\n<p>Sklep &#8222;NEXA&#8221;<br \/>ul. Sandomierska 112, Kielce<br \/>tel.41 2513869<\/p>\n<p>Sklep \u201eEvita\u201d<br \/>ul. Sienkiewicza 15<br \/>25-350 Kielce<br \/>tel. 30 20 01<\/p>\n<\/div><\/div>\n<div class=\"su-spoiler su-spoiler-style-fancy su-spoiler-icon-caret su-spoiler-closed\" data-scroll-offset=\"0\" data-anchor-in-url=\"no\"><div class=\"su-spoiler-title\" tabindex=\"0\" role=\"button\"><span class=\"su-spoiler-icon\"><\/span>WARMI\u0143SKO-MAZURSKIE<\/div><div class=\"su-spoiler-content su-u-clearfix su-u-trim\">\n<p>Moda Damska &#8222;TSS&#8221;<br \/>ul.Wilczy\u0144skiego 6A\/40 , Olsztyn<br \/>tel 895430292<\/p>\n<p>Sklep &#8222;CENTRUM MODY&#8221;<br \/>ul.Aleja Niepodleg\u0142o\u015bci 62 , Olsztyn<br \/>tel.895350348<\/p>\n<p>Kobiece Fanaberie<br \/>Ul.Szpitalna lD Morag<br \/>tel. 514 679 471<\/p>\n<p>Sklep CARLA<br \/>Ul. 3 Maja 6 D ELBL\u0104G<br \/>Tel.793911652<\/p>\n<p>Salon Mody Presti\u017c<br \/>Ul.Mielczarskiego 1a\/5-6<br \/>11-400 K\u0119trzyn<br \/>tel.519083336<\/p>\n<\/div><\/div>\n<div class=\"su-spoiler su-spoiler-style-fancy su-spoiler-icon-caret su-spoiler-closed\" data-scroll-offset=\"0\" data-anchor-in-url=\"no\"><div class=\"su-spoiler-title\" tabindex=\"0\" role=\"button\"><span class=\"su-spoiler-icon\"><\/span>WIELKOPOLSKIE<\/div><div class=\"su-spoiler-content su-u-clearfix su-u-trim\">\n<p>Butik Elegancja CH Manhattan<br \/>Al. Jana Paw\u0142a II 16 Leszno<\/p>\n<p>Butik Elegancja GALERIA LESZNO<br \/>Al. Konstytucji 3 maja 12 Leszno<br \/>tel 603935009<\/p>\n<p>Sklep &#8222;Moda Polska&#8221;<br \/>ul.Rynek 29<br \/>64-100 Leszno<\/p>\n<p>LA CARA<br \/>PL. Wolno\u015bci 9 Poznan<br \/>tel 501 570 521<\/p>\n<p>Salon Mody ELKA<br \/>Ul.Bielawska 2 S\u0142upca<br \/>tel.632751628<\/p>\n<p>Sklep &#8222;CARLLA&#8221;<br \/>ul.Kanonicka 4<br \/>Kalisz<br \/>tel. 605696393&nbsp; tel 513879841<\/p>\n<p>Sklep \u201eElka\u201d<br \/>ul. Pozna\u0144ska 200<br \/>62-510 Konin<br \/>tel. 63 240 80 34<\/p>\n<p>Sklep INA<br \/>Ul.Rynek 8 Rawicz<br \/>Tel.65 5454899<\/p>\n<p>Natali Collection<br \/>M\u0142y\u0144ska 2\/5 K\u0119pno<br \/>tel.500080718<\/p>\n<p>IGA Moda Damska CH ETC<br \/>Pozna\u0144ska 6 Swarz\u0119dz<br \/>tel.604 634 215<\/p>\n<\/div><\/div>\n<div class=\"su-spoiler su-spoiler-style-fancy su-spoiler-icon-caret su-spoiler-closed\" data-scroll-offset=\"0\" data-anchor-in-url=\"no\"><div class=\"su-spoiler-title\" tabindex=\"0\" role=\"button\"><span class=\"su-spoiler-icon\"><\/span>ZACHODNIOPOMORSKIE<\/div><div class=\"su-spoiler-content su-u-clearfix su-u-trim\">\n<p>Konfekcja Damska i Galanteria<br \/>Pl. Wolno\u015bci 20 Bia\u0142ogard<br \/>tel.504522232<\/p>\n<\/div><\/div>\n<\/div><\/div>\n<\/div>\n\n\n\n<div class=\"wp-block-column is-layout-flow wp-block-column-is-layout-flow\" style=\"flex-basis:33%\">\n<p><\/p><center><iframe src=\"https:\/\/www.google.com\/maps\/d\/embed?mid=z1pXUzASXOKM.kYMqMnpCVvLA\" width=\"100%\" height=\"300\"><\/iframe><\/center>\n\n\n<div class=\"wp-block-image\">\n<figure class=\"aligncenter size-full is-resized\"><a href=\"https:\/\/sklep.poza.pl\/pl\/\" target=\"_blank\" rel=\"noopener\"><img decoding=\"async\" src=\"https:\/\/poza.com.pl\/wp-content\/uploads\/2023\/06\/sklep-z-odzieza-damska.png\" alt=\"\" class=\"wp-image-129\" width=\"256\" height=\"256\" srcset=\"https:\/\/poza.com.pl\/wp-content\/uploads\/2023\/06\/sklep-z-odzieza-damska.png 1024w, https:\/\/poza.com.pl\/wp-content\/uploads\/2023\/06\/sklep-z-odzieza-damska-300x300.png 300w, https:\/\/poza.com.pl\/wp-content\/uploads\/2023\/06\/sklep-z-odzieza-damska-150x150.png 150w, https:\/\/poza.com.pl\/wp-content\/uploads\/2023\/06\/sklep-z-odzieza-damska-768x768.png 768w\" sizes=\"(max-width: 256px) 100vw, 256px\" \/><\/a><\/figure>\n<\/div><\/div>\n\n\n\n<div class=\"wp-block-column is-layout-flow wp-block-column-is-layout-flow\" style=\"flex-basis:33%\">\n\n<div class=\"su-spoiler su-spoiler-style-fancy su-spoiler-icon-caret\" data-scroll-offset=\"0\" data-anchor-in-url=\"no\"><div class=\"su-spoiler-title\" tabindex=\"0\" role=\"button\"><span class=\"su-spoiler-icon\"><\/span>HURTOWNIE\/DYSTRYBUTORZY<\/div><div class=\"su-spoiler-content su-u-clearfix su-u-trim\"><strong>&#8222;GAPPID&#8221; &#8211; Centrum Mody &#8222;Warszawa&#8221;<\/strong><br \/>Al. Katowicka 51 05-830 Nadarzyn<br \/>pawilon 105 A<br \/>tel. +48227395534 tel. kom. +48501 739 531<\/p>\n<p><strong>&#8222;PRESTI\u017b&#8221; &#8211; Marek Dawiec<\/strong><br \/>Antonin\u00f3wka 27B 26-630 Jedlina Letnisko<br \/>tel. kom.+48606 212 800<\/p>\n<\/div><\/div>\n<div class=\"su-spoiler su-spoiler-style-fancy su-spoiler-icon-caret su-spoiler-closed\" data-scroll-offset=\"0\" data-anchor-in-url=\"no\"><div class=\"su-spoiler-title\" tabindex=\"0\" role=\"button\"><span class=\"su-spoiler-icon\"><\/span>KAZACHSTAN<\/div><div class=\"su-spoiler-content su-u-clearfix su-u-trim\">\u041c\u0430\u0433\u0430\u0437\u0438\u043d &#8222;\u0421\u0442\u0430\u0440\u043e\u0439 \u0433\u043e\u0440\u043e\u0434&#8221;<br \/>\u0443\u043b.\u041b\u0435\u043d\u0438\u043d\u0430 85<br \/>\u041f\u0430\u0432\u043b\u043e\u0434\u0430\u0440<br \/>\u0442\u0435\u043b +77017626127<br \/><\/div><\/div>\n<div class=\"su-spoiler su-spoiler-style-fancy su-spoiler-icon-caret su-spoiler-closed\" data-scroll-offset=\"0\" data-anchor-in-url=\"no\"><div class=\"su-spoiler-title\" tabindex=\"0\" role=\"button\"><span class=\"su-spoiler-icon\"><\/span>\u0141OTWA<\/div><div class=\"su-spoiler-content su-u-clearfix su-u-trim\"><P>SALONS DIANORA<br \/>\n \u0122ertr\u016bdes iela 46<br \/>\nR\u012bga, LV-1011<\/P><br \/>\n+371 28 830 496<\/P><\/div><\/div>\n<div class=\"su-spoiler su-spoiler-style-fancy su-spoiler-icon-caret su-spoiler-closed\" data-scroll-offset=\"0\" data-anchor-in-url=\"no\"><div class=\"su-spoiler-title\" tabindex=\"0\" role=\"button\"><span class=\"su-spoiler-icon\"><\/span>MO\u0141DOWA<\/div><div class=\"su-spoiler-content su-u-clearfix su-u-trim\">&#8222;Jumbo&#8221; &#8211; 3191<br \/>bd. Decebal, 23\/1<br \/>Chisinau<\/p>\n<p>&#8222;Atrium&#8221; &#8211; 2014<br \/>str. Albisoara, 4<br \/>Chisinau<\/p>\n<\/div><\/div>\n<div class=\"su-spoiler su-spoiler-style-fancy su-spoiler-icon-caret su-spoiler-closed\" data-scroll-offset=\"0\" data-anchor-in-url=\"no\"><div class=\"su-spoiler-title\" tabindex=\"0\" role=\"button\"><span class=\"su-spoiler-icon\"><\/span>REPUBLIKA PO\u0141UDNIOWEJ AFRYKI<\/div><div class=\"su-spoiler-content su-u-clearfix su-u-trim\">\n<p>GREAT SHIFT TRADING 17CC<br \/>SHOP 86 BROOKLYN MALL 338 BRONKHOR NEW MUCKLENEUK<br \/>PRETORIA<\/p>\n<p>TEL +27726202793<\/p>\n<\/div><\/div>\n<\/div>\n<\/div>\n","protected":false},"excerpt":{"rendered":"","protected":false},"author":1,"featured_media":0,"parent":0,"menu_order":0,"comment_status":"closed","ping_status":"closed","template":"","meta":{"neve_meta_sidebar":"","neve_meta_container":"","neve_meta_enable_content_width":"","neve_meta_content_width":0,"neve_meta_title_alignment":"","neve_meta_author_avatar":"","neve_post_elements_order":"","neve_meta_disable_header":"","neve_meta_disable_footer":"","neve_meta_disable_title":"","footnotes":""},"class_list":["post-494","page","type-page","status-publish","hentry"],"_links":{"self":[{"href":"https:\/\/poza.com.pl\/lt\/wp-json\/wp\/v2\/pages\/494","targetHints":{"allow":["GET"]}}],"collection":[{"href":"https:\/\/poza.com.pl\/lt\/wp-json\/wp\/v2\/pages"}],"about":[{"href":"https:\/\/poza.com.pl\/lt\/wp-json\/wp\/v2\/types\/page"}],"author":[{"embeddable":true,"href":"https:\/\/poza.com.pl\/lt\/wp-json\/wp\/v2\/users\/1"}],"replies":[{"embeddable":true,"href":"https:\/\/poza.com.pl\/lt\/wp-json\/wp\/v2\/comments?post=494"}],"version-history":[{"count":1,"href":"https:\/\/poza.com.pl\/lt\/wp-json\/wp\/v2\/pages\/494\/revisions"}],"predecessor-version":[{"id":495,"href":"https:\/\/poza.com.pl\/lt\/wp-json\/wp\/v2\/pages\/494\/revisions\/495"}],"wp:attachment":[{"href":"https:\/\/poza.com.pl\/lt\/wp-json\/wp\/v2\/media?parent=494"}],"curies":[{"name":"wp","href":"https:\/\/api.w.org\/{rel}","templated":true}]}}