{"id":740,"date":"2023-06-14T12:51:18","date_gmt":"2023-06-14T12:51:18","guid":{"rendered":"https:\/\/poza.com.pl\/elegantisku-sukneliu-gamintojas\/"},"modified":"2024-02-09T13:00:24","modified_gmt":"2024-02-09T13:00:24","slug":"elegantisku-sukneliu-gamintojas","status":"publish","type":"page","link":"https:\/\/poza.com.pl\/lt\/elegantisku-sukneliu-gamintojas\/","title":{"rendered":"Eleganti\u0161k\u0173 sukneli\u0173 gamintojas"},"content":{"rendered":"\n<p>Viena vertus, POZA prek\u0117s \u017eenklo gaminiai yra oficialios ir vakarin\u0117s suknel\u0117s, tinkan\u010dios svarbioms \u0161vent\u0117ms, banketams, einant \u012f teatr\u0105 ar filharmonij\u0105. Kita vertus, b\u016bdami eleganti\u0161k\u0173 sukneli\u0173 gamintojais, kuriame ir kasdieniam naudojimui skirtus modelius. M\u016bs\u0173 asortimente yra biurui skirt\u0173 drabu\u017ei\u0173, taip pat klasikini\u0173 ir kokteilini\u0173 sukneli\u0173. Mielai naudojame \u012fvairius stilistinius sprendimus, ta\u010diau bendras vis\u0173 m\u016bs\u0173 projekt\u0173 vardiklis &#8211; klasikinis grak\u0161tumas. Tai m\u016bs\u0173 n\u0117riniuotos, plat\u0117jan\u010dios ir tiesios suknel\u0117s, vienspalv\u0117s, g\u0117l\u0117tos, dry\u017eiais, \u017eirneliais ar ra\u0161tais margintos suknel\u0117s &#8211; visos jos sukurtos taip, kad sudaryt\u0173 \u0161iuolaiki\u0161kos ir eleganti\u0161kos moters stiliaus pagrind\u0105.<\/p>\n\n<h2 class=\"wp-block-heading\">Patyr\u0119s eleganti\u0161k\u0173 sukneli\u0173 gamintojas<\/h2>\n\n<p>M\u016bs\u0173 gaminius jau keturis de\u0161imtme\u010dius noriai renkasi klientai visoje \u0161alyje. Esame eleganti\u0161k\u0173 sukneli\u0173 gamintoja, turinti didel\u0119 patirt\u012f tiek savo \u0161alies rinkoje, tiek u\u017esienyje. Tod\u0117l puikiai suprantame moter\u0173 vartotoj\u0173 poreikius ir \u017einome, kaip sukurti konditerijos gaminius, kurie visi\u0161kai patenkint\u0173 j\u0173 drabu\u017ei\u0173 tro\u0161kimus.<\/p>\n\n<h2 class=\"wp-block-heading\">Stilingi drabu\u017eiai<\/h2>\n\n<p>\u0160ie unikal\u016bs k\u016briniai sukelia \u0161urmul\u012f bet kuriame socialiniame susitikime. Jie labai efektingai atrodo ir per skoningas vakarienes, ir per apsilankymus teatre, ir per vestuvi\u0173 pokylius. Eleganti\u0161k\u0173 POZA sukneli\u0173 gamintoja siekia, kad kiekviena moteris oficialioje i\u0161vykoje jaust\u0173si ypatinga. <strong>Be patrauklios i\u0161vaizdos, jos taip pat i\u0161siskiria auk\u0161tos kokyb\u0117s apdirbimu<\/strong>. Gra\u017e\u016bs audiniai nuostabiai aptempia siluet\u0105, paslepia bet kokius tr\u016bkumus ir i\u0161ry\u0161kina moteri\u0161kus apvalumus.<\/p>\n\n<h2 class=\"wp-block-heading\">Stilinga kasdienyb\u0117<\/h2>\n\n<p>Kai kuriose darboviet\u0117se aprangos kodas labai apriboja kasdien\u0117s aprangos galimybes. Deja, daugeliu atvej\u0173 \u0161io reikalavimo negalima per\u0161okti, ta\u010diau galima rasti i\u0161eit\u012f. Eleganti\u0161k\u0173 sukneli\u0173 gamintojas pareng\u0117 speciali\u0105 kolekcij\u0105, idealiai tinkan\u010di\u0105 darbui. <strong>Si\u016blomi biurui skirti drabu\u017eiai yra klasikinio kirpimo su moderniu<\/strong> prieskoniu. Jums nereikia kiekvien\u0105 ryt\u0105 rengtis i\u0161 naujo &#8211; vienas unikalus drabu\u017eis sukuria vis\u0105 aprang\u0105!<\/p>\n\n<h2 class=\"wp-block-heading\">Kiekvienam ka\u017ekas gra\u017eaus<\/h2>\n\n<p>Eleganti\u0161kos suknel\u0117s, ko gero, neabejotinai yra vienas pagrindini\u0173 moters garderobo element\u0173. Jie nuo seno laikomi moteri\u0161kumo, klas\u0117s ir grak\u0161tumo simboliu. Gamintojas pasir\u016bpino, kad kiekviena moteris gal\u0117t\u0173 m\u0117gautis \u0161iais unikaliais gaminiais. &#8222;POZA&#8221; asortimente yra drabu\u017ei\u0173, tinkan\u010di\u0173 visiems &#8211; ir spalving\u0173 ra\u0161t\u0173 m\u0117g\u0117jams, ir moterims, kurios renkasi prislopintas spalvas ir vienspalvius drabu\u017eius. Eleganti\u0161k\u0173 sukneli\u0173 gamintojas savo asortimente turi ir gana ilg\u0173, ir trump\u0173 sukneli\u0173.<\/p>\n","protected":false},"excerpt":{"rendered":"<p>Patyr\u0119s eleganti\u0161k\u0173 sukneli\u0173 gamintojas Stilingi drabu\u017eiai Stilinga kasdienyb\u0117 Kiekvienam ka\u017ekas gra\u017eaus<\/p>\n","protected":false},"author":1,"featured_media":0,"parent":0,"menu_order":0,"comment_status":"closed","ping_status":"closed","template":"","meta":{"neve_meta_sidebar":"","neve_meta_container":"","neve_meta_enable_content_width":"","neve_meta_content_width":0,"neve_meta_title_alignment":"","neve_meta_author_avatar":"","neve_post_elements_order":"","neve_meta_disable_header":"","neve_meta_disable_footer":"","neve_meta_disable_title":"","footnotes":""},"class_list":["post-740","page","type-page","status-publish","hentry"],"_links":{"self":[{"href":"https:\/\/poza.com.pl\/lt\/wp-json\/wp\/v2\/pages\/740","targetHints":{"allow":["GET"]}}],"collection":[{"href":"https:\/\/poza.com.pl\/lt\/wp-json\/wp\/v2\/pages"}],"about":[{"href":"https:\/\/poza.com.pl\/lt\/wp-json\/wp\/v2\/types\/page"}],"author":[{"embeddable":true,"href":"https:\/\/poza.com.pl\/lt\/wp-json\/wp\/v2\/users\/1"}],"replies":[{"embeddable":true,"href":"https:\/\/poza.com.pl\/lt\/wp-json\/wp\/v2\/comments?post=740"}],"version-history":[{"count":3,"href":"https:\/\/poza.com.pl\/lt\/wp-json\/wp\/v2\/pages\/740\/revisions"}],"predecessor-version":[{"id":752,"href":"https:\/\/poza.com.pl\/lt\/wp-json\/wp\/v2\/pages\/740\/revisions\/752"}],"wp:attachment":[{"href":"https:\/\/poza.com.pl\/lt\/wp-json\/wp\/v2\/media?parent=740"}],"curies":[{"name":"wp","href":"https:\/\/api.w.org\/{rel}","templated":true}]}}