{"id":468,"date":"2023-06-13T11:08:45","date_gmt":"2023-06-13T11:08:45","guid":{"rendered":"https:\/\/poza.com.pl\/despre-noi\/"},"modified":"2023-11-02T10:08:55","modified_gmt":"2023-11-02T10:08:55","slug":"despre-noi","status":"publish","type":"page","link":"https:\/\/poza.com.pl\/ro\/despre-noi\/","title":{"rendered":"DESPRE NOI"},"content":{"rendered":"\n<div class=\"wp-block-columns is-layout-flex wp-container-core-columns-is-layout-9d6595d7 wp-block-columns-is-layout-flex\">\n<div class=\"wp-block-column is-layout-flow wp-block-column-is-layout-flow\">\n<p><strong>Marca de \u00eembr\u0103c\u0103minte POZA<\/strong> este prezent\u0103 pe pia\u021b\u0103 din 1980. \u00cembr\u0103c\u0103mintea noastr\u0103 pentru femei combin\u0103 <strong>elegan\u021ba<\/strong> cu <strong>ultimele tendin\u021be ale modei<\/strong> \u00eentr-un mod clasic \u0219i pune accentul pe feminitate. <strong>Rochiile<\/strong> noastre \u0219i modelele lor unice se adreseaz\u0103 femeilor exigente care doresc s\u0103 arate la mod\u0103 \u0219i elegante at\u00e2t la serviciu, c\u00e2t \u0219i \u00een ora\u0219. Fiecare rochie produs\u0103 de noi d\u0103 impresia de a fi f\u0103cut\u0103 la comand\u0103, datorit\u0103 manoperei exemplare \u0219i aten\u021biei la detalii. Suntem <strong>o<\/strong> unitate <strong>modern\u0103<\/strong>, axat\u0103 pe dezvoltarea continu\u0103. Cea mai mare valoare a noastr\u0103 este reprezentat\u0103 de capitalul uman, de utilajele moderne \u0219i de tehnologiile inovatoare. Aceste caracteristici, precum \u0219i inspec\u021bia final\u0103, permit ob\u021binerea unor produse de cea mai \u00eenalt\u0103 calitate.<\/p>\n\n\n\n<p>Noi producem \u00eembr\u0103c\u0103minte elegant\u0103 pentru femei. Colec\u021biile noastre sunt dominate de rochii formale \u0219i de zi cu zi. Oferim modele \u00een m\u0103rimi de la 36 la 50 . Lucr\u0103m cu clien\u021bi din toat\u0103 \u021bara \u0219i din str\u0103in\u0103tate.<\/p>\n<\/div>\n\n\n\n<div class=\"wp-block-column is-layout-flow wp-block-column-is-layout-flow\"><div class=\"wp-block-image\">\n<figure class=\"aligncenter size-full is-resized\"><img decoding=\"async\" width=\"410\" height=\"512\" src=\"https:\/\/poza.com.pl\/wp-content\/uploads\/2023\/11\/Projekt-bez-nazwy-87-7.jpg\" alt=\"\" class=\"wp-image-1776\" style=\"width:410px;height:512px\" srcset=\"https:\/\/poza.com.pl\/wp-content\/uploads\/2023\/11\/Projekt-bez-nazwy-87-7.jpg 410w, https:\/\/poza.com.pl\/wp-content\/uploads\/2023\/11\/Projekt-bez-nazwy-87-7-240x300.jpg 240w\" sizes=\"(max-width: 410px) 100vw, 410px\" \/><\/figure>\n<\/div><\/div>\n<\/div>\n","protected":false},"excerpt":{"rendered":"<p>Marca de \u00eembr\u0103c\u0103minte POZA este prezent\u0103 pe pia\u021b\u0103 din 1980. \u00cembr\u0103c\u0103mintea noastr\u0103 pentru femei combin\u0103 elegan\u021ba cu ultimele tendin\u021be ale modei \u00eentr-un mod clasic \u0219i pune accentul pe feminitate. Rochiile noastre \u0219i modelele lor unice se adreseaz\u0103 femeilor exigente care doresc s\u0103 arate la mod\u0103 \u0219i elegante at\u00e2t la serviciu, c\u00e2t \u0219i \u00een ora\u0219. Fiecare&hellip;&nbsp;<a href=\"https:\/\/poza.com.pl\/ro\/despre-noi\/\" rel=\"bookmark\">Cite\u0219te mai mult &raquo;<span class=\"screen-reader-text\">DESPRE NOI<\/span><\/a><\/p>\n","protected":false},"author":1,"featured_media":0,"parent":0,"menu_order":0,"comment_status":"closed","ping_status":"closed","template":"","meta":{"neve_meta_sidebar":"","neve_meta_container":"","neve_meta_enable_content_width":"","neve_meta_content_width":0,"neve_meta_title_alignment":"","neve_meta_author_avatar":"","neve_post_elements_order":"","neve_meta_disable_header":"","neve_meta_disable_footer":"","neve_meta_disable_title":"on","footnotes":""},"class_list":["post-468","page","type-page","status-publish","hentry"],"_links":{"self":[{"href":"https:\/\/poza.com.pl\/ro\/wp-json\/wp\/v2\/pages\/468","targetHints":{"allow":["GET"]}}],"collection":[{"href":"https:\/\/poza.com.pl\/ro\/wp-json\/wp\/v2\/pages"}],"about":[{"href":"https:\/\/poza.com.pl\/ro\/wp-json\/wp\/v2\/types\/page"}],"author":[{"embeddable":true,"href":"https:\/\/poza.com.pl\/ro\/wp-json\/wp\/v2\/users\/1"}],"replies":[{"embeddable":true,"href":"https:\/\/poza.com.pl\/ro\/wp-json\/wp\/v2\/comments?post=468"}],"version-history":[{"count":2,"href":"https:\/\/poza.com.pl\/ro\/wp-json\/wp\/v2\/pages\/468\/revisions"}],"predecessor-version":[{"id":1786,"href":"https:\/\/poza.com.pl\/ro\/wp-json\/wp\/v2\/pages\/468\/revisions\/1786"}],"wp:attachment":[{"href":"https:\/\/poza.com.pl\/ro\/wp-json\/wp\/v2\/media?parent=468"}],"curies":[{"name":"wp","href":"https:\/\/api.w.org\/{rel}","templated":true}]}}