{"id":684,"date":"2023-06-14T12:50:59","date_gmt":"2023-06-14T12:50:59","guid":{"rendered":"https:\/\/poza.com.pl\/producatorii-de-rochii-pentru-femei\/"},"modified":"2023-06-15T14:40:46","modified_gmt":"2023-06-15T14:40:46","slug":"producatorii-de-rochii-pentru-femei","status":"publish","type":"page","link":"https:\/\/poza.com.pl\/ro\/producatorii-de-rochii-pentru-femei\/","title":{"rendered":"Produc\u0103torii de rochii pentru femei"},"content":{"rendered":"\n<p>Credem c\u0103 produc\u0103torii de rochii de dam\u0103 ar trebui s\u0103 acorde o aten\u021bie deosebit\u0103 calit\u0103\u021bii produselor lor &#8211; mai ales atunci c\u00e2nd vine vorba de modelele elegante care trebuie s\u0103 arate impecabil \u00een timpul \u00eent\u00e2lnirilor oficiale \u0219i al s\u0103rb\u0103torilor importante. Ac\u021bion\u00e2nd pe baza acestei convingeri, oferim clien\u021bilor no\u0219tri articole de \u00eembr\u0103c\u0103minte care sunt rafinate \u00een fiecare detaliu. Acest lucru este posibil datorit\u0103 facilit\u0103\u021bii noastre moderne de produc\u021bie, care ne ofer\u0103 un avantaj fa\u021b\u0103 de al\u021bi produc\u0103tori de rochii din Polonia. Toate produsele POZA sunt fabricate \u00een \u00eentregime \u00een cl\u0103dirile noastre \u0219i sunt supuse inspec\u021biei noastre constante.<\/p>\n\n<h2 class=\"wp-block-heading\">Ce diferen\u021biaz\u0103 produc\u0103torii de rochii solide?<\/h2>\n\n<p>Haine de la nenum\u0103rate branduri pot fi cump\u0103rate cu u\u0219urin\u021b\u0103 din magazine, dar fiecare consumator este con\u0219tient c\u0103 nu to\u021bi produc\u0103torii de rochii pentru femei pot fi de \u00eencredere \u00een aceea\u0219i m\u0103sur\u0103. Ce deosebe\u0219te companiile notabile? Produc\u0103torii de rochii de \u00eencredere sunt cei care sunt capabili s\u0103 livreze produse de \u00eenalt\u0103 calitate \u00een mod constant. POZA a urm\u0103rit acest obiectiv, oferind femeilor produse rafinate din punct de vedere estetic \u0219i al manoperei timp de c\u00e2teva decenii.<\/p>\n","protected":false},"excerpt":{"rendered":"<p>Ce diferen\u021biaz\u0103 produc\u0103torii de rochii solide?<\/p>\n","protected":false},"author":1,"featured_media":0,"parent":0,"menu_order":0,"comment_status":"closed","ping_status":"closed","template":"","meta":{"neve_meta_sidebar":"","neve_meta_container":"","neve_meta_enable_content_width":"","neve_meta_content_width":0,"neve_meta_title_alignment":"","neve_meta_author_avatar":"","neve_post_elements_order":"","neve_meta_disable_header":"","neve_meta_disable_footer":"","neve_meta_disable_title":"","footnotes":""},"class_list":["post-684","page","type-page","status-publish","hentry"],"_links":{"self":[{"href":"https:\/\/poza.com.pl\/ro\/wp-json\/wp\/v2\/pages\/684","targetHints":{"allow":["GET"]}}],"collection":[{"href":"https:\/\/poza.com.pl\/ro\/wp-json\/wp\/v2\/pages"}],"about":[{"href":"https:\/\/poza.com.pl\/ro\/wp-json\/wp\/v2\/types\/page"}],"author":[{"embeddable":true,"href":"https:\/\/poza.com.pl\/ro\/wp-json\/wp\/v2\/users\/1"}],"replies":[{"embeddable":true,"href":"https:\/\/poza.com.pl\/ro\/wp-json\/wp\/v2\/comments?post=684"}],"version-history":[{"count":3,"href":"https:\/\/poza.com.pl\/ro\/wp-json\/wp\/v2\/pages\/684\/revisions"}],"predecessor-version":[{"id":722,"href":"https:\/\/poza.com.pl\/ro\/wp-json\/wp\/v2\/pages\/684\/revisions\/722"}],"wp:attachment":[{"href":"https:\/\/poza.com.pl\/ro\/wp-json\/wp\/v2\/media?parent=684"}],"curies":[{"name":"wp","href":"https:\/\/api.w.org\/{rel}","templated":true}]}}