{"id":784,"date":"2023-06-14T12:51:36","date_gmt":"2023-06-14T12:51:36","guid":{"rendered":"https:\/\/poza.com.pl\/producator-de-costume-pentru-femei\/"},"modified":"2023-06-15T14:40:52","modified_gmt":"2023-06-15T14:40:52","slug":"producator-de-costume-pentru-femei","status":"publish","type":"page","link":"https:\/\/poza.com.pl\/ro\/producator-de-costume-pentru-femei\/","title":{"rendered":"Produc\u0103tor de costume pentru femei"},"content":{"rendered":"\n<p>Combina\u021bia de sacou \u0219i fust\u0103 este o alegere frecvent\u0103 a femeilor elegante, a\u0219a c\u0103 astfel de seturi nu puteau lipsi din oferta noastr\u0103. Produsele POZA nu sunt doar rochii de bun gust &#8211; suntem, de asemenea, un produc\u0103tor de costume pentru femei. Catalogul nostru de produse include seturi ideale pentru ocazii formale, cum ar fi nun\u021bile \u0219i anivers\u0103rile. De asemenea, costumele POZA reprezint\u0103 o alegere excelent\u0103 pentru \u00eent\u00e2lniri de afaceri \u0219i conferin\u021be. Ne asigur\u0103m c\u0103 fiecare set arat\u0103 adecvat pentru proprietara sa, indiferent de tipul de siluet\u0103. Gama noastr\u0103 include modele \u00een m\u0103rimi de la 36 la 50, iar fiecare articol de \u00eembr\u0103c\u0103minte este conceput pentru a p\u0103rea f\u0103cut la comand\u0103.<\/p>\n\n<h2 class=\"wp-block-heading\">Produc\u0103tor polonez de costume \u0219i rochii pentru femei<\/h2>\n\n<p>POZA este o companie polonez\u0103 care \u00ee\u0219i desf\u0103\u0219oar\u0103 activitatea at\u00e2t \u00een \u021bar\u0103, c\u00e2t \u0219i \u00een str\u0103in\u0103tate. \u00cen calitate de produc\u0103tor de costume pentru femei \u0219i rochii elegante, acord\u0103m o mare importan\u021b\u0103 calit\u0103\u021bii produselor noastre. Perfec\u021bion\u0103m fiecare design \u00een detaliu, iar procesul de produc\u021bie este supus unor m\u0103suri stricte de control. Acest lucru asigur\u0103 faptul c\u0103 clien\u021bii primesc produse care nu sunt doar frumoase, ci \u0219i realizate cu precizie.<\/p>\n","protected":false},"excerpt":{"rendered":"<p>Produc\u0103tor polonez de costume \u0219i rochii pentru femei<\/p>\n","protected":false},"author":1,"featured_media":0,"parent":0,"menu_order":0,"comment_status":"closed","ping_status":"closed","template":"","meta":{"neve_meta_sidebar":"","neve_meta_container":"","neve_meta_enable_content_width":"","neve_meta_content_width":0,"neve_meta_title_alignment":"","neve_meta_author_avatar":"","neve_post_elements_order":"","neve_meta_disable_header":"","neve_meta_disable_footer":"","neve_meta_disable_title":"","footnotes":""},"class_list":["post-784","page","type-page","status-publish","hentry"],"_links":{"self":[{"href":"https:\/\/poza.com.pl\/ro\/wp-json\/wp\/v2\/pages\/784","targetHints":{"allow":["GET"]}}],"collection":[{"href":"https:\/\/poza.com.pl\/ro\/wp-json\/wp\/v2\/pages"}],"about":[{"href":"https:\/\/poza.com.pl\/ro\/wp-json\/wp\/v2\/types\/page"}],"author":[{"embeddable":true,"href":"https:\/\/poza.com.pl\/ro\/wp-json\/wp\/v2\/users\/1"}],"replies":[{"embeddable":true,"href":"https:\/\/poza.com.pl\/ro\/wp-json\/wp\/v2\/comments?post=784"}],"version-history":[{"count":3,"href":"https:\/\/poza.com.pl\/ro\/wp-json\/wp\/v2\/pages\/784\/revisions"}],"predecessor-version":[{"id":813,"href":"https:\/\/poza.com.pl\/ro\/wp-json\/wp\/v2\/pages\/784\/revisions\/813"}],"wp:attachment":[{"href":"https:\/\/poza.com.pl\/ro\/wp-json\/wp\/v2\/media?parent=784"}],"curies":[{"name":"wp","href":"https:\/\/api.w.org\/{rel}","templated":true}]}}