{"id":772,"date":"2023-06-14T12:51:58","date_gmt":"2023-06-14T12:51:58","guid":{"rendered":"https:\/\/poza.com.pl\/vyrobca-damskych-siat\/"},"modified":"2023-06-15T14:40:56","modified_gmt":"2023-06-15T14:40:56","slug":"vyrobca-damskych-siat","status":"publish","type":"page","link":"https:\/\/poza.com.pl\/sk\/vyrobca-damskych-siat\/","title":{"rendered":"V\u00fdrobca d\u00e1mskych \u0161iat"},"content":{"rendered":"\n<p>POZA vytv\u00e1ra oble\u010denie pre \u017eeny, ktor\u00e9 chc\u00fa vyzera\u0165 elegantne v ka\u017edej situ\u00e1cii. Sme v\u00fdrobca d\u00e1mskych \u0161iat, ktor\u00e9 sa vyzna\u010duj\u00fa klasick\u00fdmi \u0161t\u00fdlov\u00fdmi rie\u0161eniami. Radi prij\u00edmame modern\u00e9 trendy v odievan\u00ed, ale ka\u017ed\u00fd z na\u0161ich modelov je navrhnut\u00fd tak, aby v sebe sp\u00e1jal m\u00f3dny dizajn s p\u00f4vabom tradi\u010dn\u00fdch \u017eensk\u00fdch \u0161t\u00fdlov. Jedine\u010dn\u00fd charakter v\u00fdrobkov POZA je jasne vidite\u013en\u00fd v na\u0161ich ve\u010dern\u00fdch n\u00e1vrhoch aj v modeloch vytvoren\u00fdch na ka\u017edodenn\u00e9 pou\u017eitie &#8211; v kancel\u00e1rii alebo po\u010das neform\u00e1lnych v\u00fdletov s priate\u013emi. Ako v\u00fdrobca d\u00e1mskych \u0161iat vynaklad\u00e1me maxim\u00e1lne \u00fasilie na to, aby sa d\u00e1my, ktor\u00e9 nosia na\u0161e oble\u010denie, v \u0148om v\u017edy c\u00edtili moderne a ve\u013emi \u017eensky.<\/p>\n\n<h2 class=\"wp-block-heading\">Elegantn\u00e9 d\u00e1mske \u0161aty od po\u013esk\u00e9ho v\u00fdrobcu<\/h2>\n\n<p>V\u010faka na\u0161ej ponuke nemusia po\u013esk\u00e9 \u017eeny h\u013eada\u0165 vysokokvalitn\u00e9 d\u00e1mske \u0161aty \u010faleko. Po\u013esk\u00fd v\u00fdrobca je z\u00e1rukou, \u017ee v\u00fdrobky s\u00fa starostlivo pripraven\u00e9 a vyroben\u00e9 z kvalitn\u00fdch materi\u00e1lov. POZA p\u00f4sob\u00ed na dom\u00e1com trhu aj v zahrani\u010d\u00ed, ale na\u0161a kraj\u010d\u00edrska diel\u0148a sa nach\u00e1dza v Gdansku. Ka\u017ed\u00fd model, ktor\u00fd je s\u00fa\u010das\u0165ou n\u00e1\u0161ho sortimentu, sa navrhuje, \u0161ije a testuje v budove POZA, \u010do n\u00e1m umo\u017e\u0148uje pln\u00fa kontrolu nad cel\u00fdm procesom a u\u013eah\u010duje udr\u017eiavanie trvalo vysok\u00e9ho \u0161tandardu.<\/p>\n\n<h2 class=\"wp-block-heading\">Vkusn\u00e9 \u0161aty na ka\u017ed\u00fa pr\u00edle\u017eitos\u0165<\/h2>\n\n<p>Ako sk\u00fasen\u00fd po\u013esk\u00fd v\u00fdrobca \u0161iat rozumieme vkusu po\u013esk\u00fdch \u017eien a efekt\u00edvne pln\u00edme ich o\u010dak\u00e1vania, pri\u010dom zachov\u00e1vame jedine\u010dn\u00fd charakter na\u0161ej zna\u010dky.  <strong>Katal\u00f3g produktov POZA obsahuje. vkusn\u00e9 \u0161aty pokryt\u00e9 farebn\u00fdmi vzormi, kvetmi alebo hr\u00e1\u0161kom, ako aj \u010dipkovan\u00e9 modely.<\/strong>  Mimochodom, nevyr\u00e1bame len \u0161aty. Po\u013esk\u00fd v\u00fdrobca, ktor\u00fd je na trhu u\u017e \u0161tyri desa\u0165ro\u010dia, si mus\u00ed uvedomova\u0165, \u017ee aj po\u013esk\u00e9 \u017eeny miluj\u00fa sak\u00e1, kab\u00e1ty a obleky. Tieto \u0161atn\u00edky s\u00fa tie\u017e trvalou s\u00fa\u010das\u0165ou n\u00e1\u0161ho sortimentu.<\/p>\n<p>Za zmienku stoj\u00ed aj presnos\u0165 v\u0161etk\u00fdch na\u0161ich v\u00fdrobkov. POZA je po\u013esk\u00fd v\u00fdrobca d\u00e1mskych \u0161iat, ktor\u00fd sp\u013a\u0148a o\u010dak\u00e1vania kvality najn\u00e1ro\u010dnej\u0161\u00edch z\u00e1kazn\u00edkov.<\/p>\n\n<h2 class=\"wp-block-heading\">Dobr\u00e1 vo\u013eba pre v\u0161etky ro\u010dn\u00e9 obdobia<\/h2>\n\n<p>Ka\u017ed\u00fd z t\u00fdchto jedine\u010dn\u00fdch k\u00faskov \u0161atn\u00edka sa d\u00e1 \u00faspe\u0161ne nosi\u0165 v lete aj v zime. V\u00fdrobca d\u00e1mskych \u0161iat sa postaral o to, aby po\u013esk\u00e9 \u017eeny vyzerali kr\u00e1sne v ka\u017edom ro\u010dnom obdob\u00ed. V lete a na jar ho jednoducho skombinujte so svojimi ob\u013e\u00faben\u00fdmi top\u00e1nkami, zatia\u013e \u010do v chladnej\u0161\u00edch mesiacoch ho obliekajte cez sveter alebo bundu &#8211; a voil\u00e0! Ka\u017ed\u00fd de\u0148 budete vyzera\u0165 ako mili\u00f3n dol\u00e1rov, a to bez ve\u013ekej n\u00e1mahy!<\/p>\n\n<h2 class=\"wp-block-heading\">Dlhodob\u00e1 invest\u00edcia<\/h2>\n\n<p>V\u00fdber produktov v\u00fdrobcu d\u00e1mskych \u0161iat je dobr\u00fdm rozhodnut\u00edm z mnoh\u00fdch d\u00f4vodov. U\u017e sme mali nejednu pr\u00edle\u017eitos\u0165 pochv\u00e1li\u0165 kr\u00e1snu a jedine\u010dn\u00fa m\u00f3du a dizajn v\u0161etk\u00fdch v\u00fdrobkov, ale \u010do kvalita?  <strong>POZA pou\u017e\u00edva m\u00e4kk\u00e9 a odoln\u00e9 tkaniny, ktor\u00e9 po mnoh\u00fdch praniach vyzeraj\u00fa rovnako \u00fa\u017easne ako pri uveden\u00ed na trh.<\/strong>  V\u00fdrobca d\u00e1mskych \u0161iat je na trhu u\u017e viac ako 40 rokov. Po\u010das tohto obdobia sme zdokonalili dizajn a \u0161itie v\u00fdrobkov, ktor\u00e9 sa neboja r\u00f4znych poveternostn\u00fdch podmienok a po\u010detn\u00fdch pran\u00ed.<\/p>\n\n<h2 class=\"wp-block-heading\">P\u00f4vodn\u00fd dizajn<\/h2>\n\n<p>Ak h\u013ead\u00e1te jedine\u010dn\u00e9 kre\u00e1cie na ak\u00fako\u013evek pr\u00edle\u017eitos\u0165, pozrite sa na \u0161aty od v\u00fdrobcu POZA. Vytv\u00e1rame jedine\u010dn\u00e9 v\u00fdrobky, ktor\u00e9 s\u00fa in\u0161pirovan\u00e9 najnov\u0161\u00edmi trendmi. Pri navrhovan\u00ed oble\u010denia pre na\u0161ich z\u00e1kazn\u00edkov kombinujeme s\u00fa\u010dasn\u00fa m\u00f3du so strihmi a vzormi, ktor\u00e9 si po\u013esk\u00e9 \u017eeny ob\u013e\u00fabili. Pr\u00e1ve preto <strong>si na\u0161e v\u00fdrobky ob\u013e\u00fabili \u017eeny v\u0161etk\u00fdch vekov\u00fdch kateg\u00f3ri\u00ed a ve\u013ekost\u00ed!<\/strong> Vysk\u00fa\u0161ajte si ich a budete si m\u00f4c\u0165 ka\u017ed\u00fd de\u0148 u\u017e\u00edva\u0165 neocenite\u013en\u00e9 pohodlie elegantn\u00fdm sp\u00f4sobom.<\/p>\n","protected":false},"excerpt":{"rendered":"<p>Elegantn\u00e9 d\u00e1mske \u0161aty od po\u013esk\u00e9ho v\u00fdrobcu Vkusn\u00e9 \u0161aty na ka\u017ed\u00fa pr\u00edle\u017eitos\u0165 Dobr\u00e1 vo\u013eba pre v\u0161etky ro\u010dn\u00e9 obdobia Dlhodob\u00e1 invest\u00edcia P\u00f4vodn\u00fd dizajn<\/p>\n","protected":false},"author":1,"featured_media":0,"parent":0,"menu_order":0,"comment_status":"closed","ping_status":"closed","template":"","meta":{"neve_meta_sidebar":"","neve_meta_container":"","neve_meta_enable_content_width":"","neve_meta_content_width":0,"neve_meta_title_alignment":"","neve_meta_author_avatar":"","neve_post_elements_order":"","neve_meta_disable_header":"","neve_meta_disable_footer":"","neve_meta_disable_title":"","footnotes":""},"class_list":["post-772","page","type-page","status-publish","hentry"],"_links":{"self":[{"href":"https:\/\/poza.com.pl\/sk\/wp-json\/wp\/v2\/pages\/772","targetHints":{"allow":["GET"]}}],"collection":[{"href":"https:\/\/poza.com.pl\/sk\/wp-json\/wp\/v2\/pages"}],"about":[{"href":"https:\/\/poza.com.pl\/sk\/wp-json\/wp\/v2\/types\/page"}],"author":[{"embeddable":true,"href":"https:\/\/poza.com.pl\/sk\/wp-json\/wp\/v2\/users\/1"}],"replies":[{"embeddable":true,"href":"https:\/\/poza.com.pl\/sk\/wp-json\/wp\/v2\/comments?post=772"}],"version-history":[{"count":3,"href":"https:\/\/poza.com.pl\/sk\/wp-json\/wp\/v2\/pages\/772\/revisions"}],"predecessor-version":[{"id":870,"href":"https:\/\/poza.com.pl\/sk\/wp-json\/wp\/v2\/pages\/772\/revisions\/870"}],"wp:attachment":[{"href":"https:\/\/poza.com.pl\/sk\/wp-json\/wp\/v2\/media?parent=772"}],"curies":[{"name":"wp","href":"https:\/\/api.w.org\/{rel}","templated":true}]}}