{"id":973,"date":"2023-06-14T12:50:39","date_gmt":"2023-06-14T12:50:39","guid":{"rendered":"https:\/\/poza.com.pl\/vyrobcovia-damskeho-oblecenia\/"},"modified":"2023-06-15T14:41:10","modified_gmt":"2023-06-15T14:41:10","slug":"vyrobcovia-damskeho-oblecenia","status":"publish","type":"page","link":"https:\/\/poza.com.pl\/sk\/vyrobcovia-damskeho-oblecenia\/","title":{"rendered":"V\u00fdrobcovia d\u00e1mskeho oble\u010denia"},"content":{"rendered":"\n<p>Spolo\u010dnos\u0165 a zna\u010dka POZA boli zalo\u017een\u00e9 v roku 1980. Len m\u00e1lo po\u013esk\u00fdch v\u00fdrobcov d\u00e1mskeho oble\u010denia sa m\u00f4\u017ee pochv\u00e1li\u0165 takou dlhou hist\u00f3riou. U\u017e \u0161tyri desa\u0165ro\u010dia navrhujeme a \u0161ijeme pre na\u0161ich z\u00e1kazn\u00edkov rafinovan\u00e9 \u0161aty na r\u00f4zne pr\u00edle\u017eitosti. Sk\u00fasenosti v tomto odvetv\u00ed s\u00fa mimoriadne d\u00f4le\u017eit\u00e9. Pr\u00e1ve to n\u00e1m umo\u017e\u0148uje vytv\u00e1ra\u0165 strihy, ktor\u00e9 dokonale padn\u00fa r\u00f4znym typom postavy, a zaru\u010duje, \u017ee ka\u017ed\u00e1 nov\u00e1 majite\u013eka na\u0161ich \u0161iat bude vyzera\u0165 rovnako kr\u00e1sne ako modelka na fotografii produktu.<\/p>\n\n<h2 data-tadv-p=\"keep\">POZA je v\u00fdrobca exkluz\u00edvneho d\u00e1mskeho oble\u010denia, ktor\u00e9mu skuto\u010dne z\u00e1le\u017e\u00ed na kvalite!<\/h2>\n\n<p>Ako v\u00fdrobca zna\u010dkov\u00e9ho d\u00e1mskeho oble\u010denia venujeme ve\u013ek\u00fa pozornos\u0165 ka\u017edej f\u00e1ze v\u00fdroby. Srdcom n\u00e1\u0161ho podniku je najmodernej\u0161ie v\u00fdrobn\u00e9 zariadenie, kde sa navrhuj\u00fa a n\u00e1sledne realizuj\u00fa \u010fal\u0161ie modely. V\u0161etky pr\u00e1ce sa vykon\u00e1vaj\u00fa na jednom mieste a trvalou s\u00fa\u010das\u0165ou procesu je d\u00f4kladn\u00e1 kontrola kvality. V\u010faka tomu pon\u00fakame na\u0161im z\u00e1kazn\u00edkom kvalitu, ktor\u00e1 nem\u00e1 obdobu u mnoh\u00fdch v\u00fdrobcov d\u00e1mskeho oble\u010denia, a v\u0161etky v\u00fdrobky s logom POZA s\u00fa detailne a pevne vyroben\u00e9. Spo\u013eahliv\u00fd pr\u00edstup k na\u0161im aktivit\u00e1m viedol nielen k ob\u013e\u00fabenosti medzi spotrebite\u013ekami, ale aj k ve\u013ek\u00e9mu po\u010dtu z\u00e1kazn\u00edkov, ktor\u00ed s rados\u0165ou distribuuj\u00fa na\u0161e v\u00fdrobky. POZA je dnes v\u00fdrobcom exkluz\u00edvneho d\u00e1mskeho oble\u010denia, ktor\u00fd spolupracuje s firmami v celom Po\u013esku a v zahrani\u010d\u00ed.<\/p>\n\n<h2>Ak\u00e9 produkty s\u00fa v na\u0161ej ponuke?<\/h2>\n\n<p>POZA je predov\u0161etk\u00fdm o elegantn\u00fdch ve\u010dern\u00fdch \u0161at\u00e1ch a ka\u017edodenn\u00fdch modeloch. Pon\u00fakame n\u00e1vrhy vhodn\u00e9 do divadla, ako aj \u0161aty na rodinn\u00e9 oslavy, ako s\u00fa svadby a v\u00fdro\u010dia. Sme v\u00fdrobca d\u00e1mskeho zna\u010dkov\u00e9ho oble\u010denia, ktor\u00e9ho charakteristick\u00fdm znakom je klasick\u00fd \u0161arm. Db\u00e1me na to, aby ka\u017ed\u00fd dizajn jedine\u010dn\u00fdm sp\u00f4sobom kombinoval tradi\u010dn\u00e9 vzory elegancie s modern\u00fdmi trendmi v odievan\u00ed. V\u010faka tomu s\u00fa v\u00fdrobky POZA ide\u00e1lne aj na neform\u00e1lne v\u00fdlety, do pr\u00e1ce alebo na v\u00edkendov\u00fa prech\u00e1dzku. Sortiment \u0161iat dop\u013a\u0148aj\u00fa kab\u00e1ty, sak\u00e1 a obleky. V\u0161etky produkty s\u00fa k dispoz\u00edcii v kamenn\u00fdch predajniach aj v na\u0161om online obchode.<\/p>\n\n<h2 class=\"wp-block-heading\">Invest\u00edcia na dlh\u00e9 roky  <\/h2>\n\n<p>V\u00fdrobcovia d\u00e1mskeho oble\u010denia zabezpe\u010duj\u00fa, aby v\u0161etky zna\u010dkov\u00e9 k\u00fasky \u0161atn\u00edka boli stopercentne nad\u010dasov\u00e9. To znamen\u00e1, \u017ee <strong>ak\u00e9ko\u013evek \u0161aty alebo oblek vydr\u017eia sk\u00fa\u0161ku \u010dasom &#8211; z h\u013eadiska prech\u00e1dzaj\u00facich trendov aj po\u010dtu pran\u00ed, ktor\u00fdmi<\/strong> pre\u0161li. Klasick\u00e9 strihy nikdy nevyjd\u00fa z m\u00f3dy. V\u00fdrobca d\u00e1mskeho zna\u010dkov\u00e9ho oble\u010denia POZA vytv\u00e1ra jedine\u010dn\u00e9 k\u00fasky konfekcie pre \u017eeny, ktor\u00e9 bud\u00fa o nieko\u013eko rokov vyzera\u0165 rovnako n\u00e1padne ako dnes.<\/p>\n\n<h2 class=\"wp-block-heading\">Pre t\u00fdch, ktor\u00ed ur\u010duj\u00fa trendy<\/h2>\n\n<p>V\u00fdrobcovia d\u00e1mskeho oble\u010denia zabezpe\u010dili, aby boli k dispoz\u00edcii r\u00f4zne strihy. N\u00e1vrh\u00e1ri bez dychu sleduj\u00fa hor\u00face trendy na m\u00f3dnom trhu. Zahrani\u010dn\u00e9 zna\u010dky pri navrhovan\u00ed a \u0161it\u00ed svojich v\u00fdrobkov niekedy nezoh\u013ead\u0148uj\u00fa vkus a po\u017eiadavky po\u013esk\u00fdch \u017eien. Na druhej strane POZA s viac ako \u0161tyridsa\u0165ro\u010dn\u00fdmi sk\u00fasenos\u0165ami na trhu vie, \u010do robi\u0165, aby sa ka\u017ed\u00e1 \u017eena c\u00edtila v\u00fdnimo\u010dne. \u013dahko kombinuje najnov\u0161ie trendy s klasick\u00fdmi strihmi a vytv\u00e1ra tak jedine\u010dn\u00e9 \u0161aty.<\/p>\n\n<h2 class=\"wp-block-heading\">Jedine\u010dn\u00e9 v\u00fdtvory pre ka\u017ed\u00fa \u017eenu<\/h2>\n\n<p>Zahrani\u010dn\u00e9 kolekcie sa ve\u013emi \u010dasto vyr\u00e1baj\u00fa s oh\u013eadom na modely, tak\u017ee v skuto\u010dnosti nele\u017eia tak, ako by mali. Po\u013esk\u00ed <strong>v\u00fdrobcovia d\u00e1mskej konfekcie<\/strong> naopak dbaj\u00fa na to, <strong>aby v\u0161etky jednotliv\u00e9 odevy vyzerali na z\u00e1kazn\u00edkoch rovnako atrakt\u00edvne ako<\/strong> na fotomodeli z katal\u00f3gov. POZA vo svojich kolekci\u00e1ch mysl\u00ed na d\u00e1my s ve\u013ekos\u0165ou 36 aj 50. V\u010faka tomu si v\u0161etci z\u00e1kazn\u00edci m\u00f4\u017eu by\u0165 ist\u00ed, \u017ee ke\u010f si k\u00fapia \u0161aty POZA, bud\u00fa sa c\u00edti\u0165, akoby mali na sebe v\u00fdtvory \u0161it\u00e9 na mieru.<\/p>\n","protected":false},"excerpt":{"rendered":"<p>Spolo\u010dnos\u0165 a zna\u010dka POZA boli zalo\u017een\u00e9 v roku 1980. Len m\u00e1lo po\u013esk\u00fdch v\u00fdrobcov d\u00e1mskeho oble\u010denia sa m\u00f4\u017ee pochv\u00e1li\u0165 takou dlhou hist\u00f3riou. U\u017e \u0161tyri desa\u0165ro\u010dia navrhujeme a \u0161ijeme pre na\u0161ich z\u00e1kazn\u00edkov rafinovan\u00e9 \u0161aty na r\u00f4zne pr\u00edle\u017eitosti. Sk\u00fasenosti v tomto odvetv\u00ed s\u00fa mimoriadne d\u00f4le\u017eit\u00e9. Pr\u00e1ve to n\u00e1m umo\u017e\u0148uje vytv\u00e1ra\u0165 strihy, ktor\u00e9 dokonale padn\u00fa r\u00f4znym typom postavy, a&hellip;&nbsp;<a href=\"https:\/\/poza.com.pl\/sk\/vyrobcovia-damskeho-oblecenia\/\" rel=\"bookmark\">\u010c\u00edta\u0165 viac &raquo;<span class=\"screen-reader-text\">V\u00fdrobcovia d\u00e1mskeho oble\u010denia<\/span><\/a><\/p>\n","protected":false},"author":1,"featured_media":0,"parent":0,"menu_order":0,"comment_status":"closed","ping_status":"closed","template":"","meta":{"neve_meta_sidebar":"","neve_meta_container":"","neve_meta_enable_content_width":"","neve_meta_content_width":0,"neve_meta_title_alignment":"","neve_meta_author_avatar":"","neve_post_elements_order":"","neve_meta_disable_header":"","neve_meta_disable_footer":"","neve_meta_disable_title":"","footnotes":""},"class_list":["post-973","page","type-page","status-publish","hentry"],"_links":{"self":[{"href":"https:\/\/poza.com.pl\/sk\/wp-json\/wp\/v2\/pages\/973","targetHints":{"allow":["GET"]}}],"collection":[{"href":"https:\/\/poza.com.pl\/sk\/wp-json\/wp\/v2\/pages"}],"about":[{"href":"https:\/\/poza.com.pl\/sk\/wp-json\/wp\/v2\/types\/page"}],"author":[{"embeddable":true,"href":"https:\/\/poza.com.pl\/sk\/wp-json\/wp\/v2\/users\/1"}],"replies":[{"embeddable":true,"href":"https:\/\/poza.com.pl\/sk\/wp-json\/wp\/v2\/comments?post=973"}],"version-history":[{"count":1,"href":"https:\/\/poza.com.pl\/sk\/wp-json\/wp\/v2\/pages\/973\/revisions"}],"predecessor-version":[{"id":976,"href":"https:\/\/poza.com.pl\/sk\/wp-json\/wp\/v2\/pages\/973\/revisions\/976"}],"wp:attachment":[{"href":"https:\/\/poza.com.pl\/sk\/wp-json\/wp\/v2\/media?parent=973"}],"curies":[{"name":"wp","href":"https:\/\/api.w.org\/{rel}","templated":true}]}}